{"id":2233597,"date":"2025-03-22T18:33:01","date_gmt":"2025-03-22T17:33:01","guid":{"rendered":"https:\/\/eu.tilta.com\/shop\/gabbia-per-fotocamera-per-il-kit-base-sony-a1-ii-a9-iii-nero\/"},"modified":"2025-12-05T14:19:52","modified_gmt":"2025-12-05T13:19:52","slug":"camera-cage-for-sony-a1-ii-a9-iii-base-kit-black","status":"publish","type":"product","link":"https:\/\/eu.tilta.com\/it\/shop\/camera-cage-for-sony-a1-ii-a9-iii-base-kit-black\/","title":{"rendered":"Gabbia per fotocamera per il kit base Sony a1 II\/a9 III &#8211; Nero"},"content":{"rendered":"<div class=\"overview-text\">\n<p><em>Presentazione del kit di base per la gabbia della fotocamera per le fotocamere Sony a1 II e a9 III<\/em><\/p>\n<p>La base di questo kit \u00e8 la gabbia completa per la fotocamera che offre una protezione aggiuntiva per il corpo macchina e amplia le opzioni di montaggio per i vari accessori.<\/p>\n<p>La gabbia completa \u00e8 dotata di un ricevitore a freddo, filettature M3, filettature da 1\/4\u2033-20 con punti di riferimento e un adattatore da 3\/8\u2033-16 a 1\/4\u2033-20.<\/p>\n<p>Questa gabbia ha un design modulare che consente agli utenti di passare facilmente da una gabbia completa a una mezza gabbia rimuovendo alcune viti. I morsetti per cavi HDMI inclusi assicurano che un cavo HDMI utilizzato con uno dei due corpi macchina rimanga al sicuro.<\/p>\n<p>Nel kit \u00e8 inclusa la maniglia superiore XENO che si monta tramite una vite da 1\/4\u2033-20 sulla parte superiore della gabbia e utilizza dei perni di localizzazione per rimanere al sicuro. L&#8217;impugnatura superiore migliora la flessibilit\u00e0 per le riprese e la gestione del sistema, ed \u00e8 particolarmente utile per le angolazioni pi\u00f9 basse.<\/p>\n<p>L&#8217;impugnatura superiore amplia anche le opzioni di montaggio degli accessori grazie alle filettature aggiuntive da 1\/4\u2033-20 e al ricevitore Cold Shoe, perfetto per un monitor esterno tramite la nostra staffa per accessori Cold Shoe. (non incluso)<\/p>\n<\/div>\n","protected":false},"excerpt":{"rendered":"<p>Presentazione del kit di base per la gabbia della fotocamera per le fotocamere Sony a1 II e a9 III La base di questo kit \u00e8 la gabbia completa per la fotocamera che offre una protezione aggiuntiva per il corpo macchina [&hellip;]<\/p>\n","protected":false},"featured_media":2201776,"comment_status":"open","ping_status":"closed","template":"","meta":[],"product_cat":[3891],"product_tag":[],"acf":[],"gallery_images":[2201782,2201788,2201794,2201599,2201611,2201605],"_links":{"self":[{"href":"https:\/\/eu.tilta.com\/it\/wp-json\/wp\/v2\/product\/2233597"}],"collection":[{"href":"https:\/\/eu.tilta.com\/it\/wp-json\/wp\/v2\/product"}],"about":[{"href":"https:\/\/eu.tilta.com\/it\/wp-json\/wp\/v2\/types\/product"}],"replies":[{"embeddable":true,"href":"https:\/\/eu.tilta.com\/it\/wp-json\/wp\/v2\/comments?post=2233597"}],"wp:featuredmedia":[{"embeddable":true,"href":"https:\/\/eu.tilta.com\/it\/wp-json\/wp\/v2\/media\/2201776"}],"wp:attachment":[{"href":"https:\/\/eu.tilta.com\/it\/wp-json\/wp\/v2\/media?parent=2233597"}],"wp:term":[{"taxonomy":"product_cat","embeddable":true,"href":"https:\/\/eu.tilta.com\/it\/wp-json\/wp\/v2\/product_cat?post=2233597"},{"taxonomy":"product_tag","embeddable":true,"href":"https:\/\/eu.tilta.com\/it\/wp-json\/wp\/v2\/product_tag?post=2233597"}],"curies":[{"name":"wp","href":"https:\/\/api.w.org\/{rel}","templated":true}]}}