{"id":2233613,"date":"2025-03-22T17:07:22","date_gmt":"2025-03-22T16:07:22","guid":{"rendered":"https:\/\/eu.tilta.com\/shop\/gabbia-per-fotocamera-per-sony-a1-ii-a9-iii-pro-kit-nero\/"},"modified":"2025-12-05T14:19:57","modified_gmt":"2025-12-05T13:19:57","slug":"camera-cage-for-sony-a1-ii-a9-iii-pro-kit-black","status":"publish","type":"product","link":"https:\/\/eu.tilta.com\/it\/shop\/camera-cage-for-sony-a1-ii-a9-iii-pro-kit-black\/","title":{"rendered":"Gabbia per fotocamera per Sony a1 II\/a9 III Pro Kit &#8211; Nero"},"content":{"rendered":"<div class=\"overview-text\">\n<p><em>Presentazione del kit Camera Cage Pro per le fotocamere Sony a1 II e a9 III<\/em><\/p>\n<p>La base di questo kit \u00e8 la gabbia completa per la fotocamera che offre una protezione aggiuntiva per il corpo macchina e amplia le opzioni di montaggio per i vari accessori.<\/p>\n<p>La gabbia completa \u00e8 dotata di un ricevitore a freddo, filettature M3, filettature da 1\/4\u2033-20 con punti di riferimento e un adattatore da 3\/8\u2033-16 a 1\/4\u2033-20.<\/p>\n<p>Questa gabbia ha un design modulare che consente agli utenti di passare facilmente da una gabbia completa a una mezza gabbia rimuovendo alcune viti. I morsetti per cavi HDMI inclusi assicurano che un cavo HDMI utilizzato con uno dei due corpi macchina rimanga al sicuro.<\/p>\n<p>Nel kit \u00e8 inclusa la maniglia superiore XENO che si monta tramite una vite da 1\/4\u2033-20 sulla parte superiore della gabbia e utilizza dei perni di localizzazione per rimanere al sicuro. L&#8217;impugnatura superiore migliora la flessibilit\u00e0 per le riprese e la gestione del sistema, ed \u00e8 particolarmente utile per le angolazioni pi\u00f9 basse.<\/p>\n<p>L&#8217;impugnatura superiore amplia anche le opzioni di montaggio degli accessori grazie alle filettature aggiuntive da 1\/4\u2033-20 e al ricevitore Cold Shoe, perfetto per un monitor esterno tramite la nostra staffa per accessori Cold Shoe. (non incluso)<\/p>\n<p>La piastra di base da 15 mm inclusa permette agli utenti di utilizzare le aste da 15 mm per montare vari accessori. Il design ad altezza regolabile consente agli utenti di mantenere lo standard LWS di 85 mm tra le aste e il centro del sensore, per garantire la compatibilit\u00e0 con una serie di accessori diversi,<\/p>\n<p>La distanza dal centro delle aste al ricevitore Arca varia da 18 a 38 mm ed \u00e8 compatibile con le piastre Arca standard DJI. La parte inferiore della base \u00e8 compatibile con le code di rondine standard Tilta e presenta anche filettature da 1\/4\u2033-20 per il montaggio su treppiedi e altri sistemi di supporto.<\/p>\n<p>\u00c8 inclusa anche un&#8217;impugnatura ergonomica in legno che si monta tramite 1\/4\u2033-20 con perni di posizionamento e offre un ulteriore comfort quando si utilizza o si maneggia la fotocamera. Il pulsante di rilascio sul lato della montatura consente agli utenti di regolare facilmente l&#8217;angolo dell&#8217;impugnatura per ottenere la posizione operativa perfetta, nonch\u00e9 di riposizionarla rapidamente per le diverse inquadrature.<\/p>\n<\/div>\n","protected":false},"excerpt":{"rendered":"<p>Presentazione del kit Camera Cage Pro per le fotocamere Sony a1 II e a9 III La base di questo kit \u00e8 la gabbia completa per la fotocamera che offre una protezione aggiuntiva per il corpo macchina e amplia le opzioni [&hellip;]<\/p>\n","protected":false},"featured_media":2201574,"comment_status":"open","ping_status":"closed","template":"","meta":[],"product_cat":[3891],"product_tag":[],"acf":[],"gallery_images":[2201580,2201586,2201592,2201599,2201611,2201605],"_links":{"self":[{"href":"https:\/\/eu.tilta.com\/it\/wp-json\/wp\/v2\/product\/2233613"}],"collection":[{"href":"https:\/\/eu.tilta.com\/it\/wp-json\/wp\/v2\/product"}],"about":[{"href":"https:\/\/eu.tilta.com\/it\/wp-json\/wp\/v2\/types\/product"}],"replies":[{"embeddable":true,"href":"https:\/\/eu.tilta.com\/it\/wp-json\/wp\/v2\/comments?post=2233613"}],"wp:featuredmedia":[{"embeddable":true,"href":"https:\/\/eu.tilta.com\/it\/wp-json\/wp\/v2\/media\/2201574"}],"wp:attachment":[{"href":"https:\/\/eu.tilta.com\/it\/wp-json\/wp\/v2\/media?parent=2233613"}],"wp:term":[{"taxonomy":"product_cat","embeddable":true,"href":"https:\/\/eu.tilta.com\/it\/wp-json\/wp\/v2\/product_cat?post=2233613"},{"taxonomy":"product_tag","embeddable":true,"href":"https:\/\/eu.tilta.com\/it\/wp-json\/wp\/v2\/product_tag?post=2233613"}],"curies":[{"name":"wp","href":"https:\/\/api.w.org\/{rel}","templated":true}]}}