{"id":2233614,"date":"2025-03-19T04:26:42","date_gmt":"2025-03-19T03:26:42","guid":{"rendered":"https:\/\/eu.tilta.com\/shop\/testa-ammortizzante-per-hydra-alien-mini-universale-grigio-titanio\/"},"modified":"2025-12-05T14:19:58","modified_gmt":"2025-12-05T13:19:58","slug":"shock-absorbing-head-for-hydra-alien-mini-universal-titanium-grey","status":"publish","type":"product","link":"https:\/\/eu.tilta.com\/it\/shop\/shock-absorbing-head-for-hydra-alien-mini-universal-titanium-grey\/","title":{"rendered":"Testa ammortizzante per Hydra Alien Mini (universale) &#8211; Grigio titanio"},"content":{"rendered":"<div class=\"overview-text\">\n<p><strong>La testa ammortizzata per Hydra Alien Mini \u00e8 uno strumento fondamentale per i registi e i creatori di contenuti che richiedono riprese di altissima qualit\u00e0.<\/strong>  Progettato per contrastare le micro-vibrazioni che possono compromettere la stabilit\u00e0 dell&#8217;immagine, questo accessorio specializzato migliora le prestazioni del tuo sistema cardanico Hydra Alien Mini, garantendo risultati fluidi e professionali anche in condizioni di ripresa difficili.<\/p>\n<p><strong>Progettato per le prestazioni<\/strong><br \/>\nRealizzata con precisione e progettata appositamente per l&#8217;<a href=\"https:\/\/eu.tilta.com\/product-category\/car-mounting-systems\/hydra-alien-mini-car-mounting-system\/\">Hydra Alien Mini<\/a>, la testa ammortizzante si integra perfettamente con la tua configurazione esistente. La sua struttura robusta, realizzata in lega di alluminio e gomma di alta qualit\u00e0, garantisce durata e longevit\u00e0, mentre il suo profilo leggero assicura un impatto minimo sulla capacit\u00e0 di carico.<\/p>\n<p><strong>Applicazioni<\/strong><br \/>\nQuesto accessorio essenziale \u00e8 ideale per un&#8217;ampia gamma di scenari cinematografici in cui la stabilit\u00e0 della videocamera \u00e8 fondamentale. Sia che tu stia riprendendo sequenze d&#8217;azione dinamiche, sia che tu stia navigando su terreni irregolari o riprendendo da veicoli in movimento, la testa Shock Absorbing ti aiuta a ottenere una fluidit\u00e0 cinematografica e a eliminare le vibrazioni indesiderate della videocamera.<\/p>\n<p><strong>Compatibilit\u00e0 e versatilit\u00e0<\/strong><br \/>\nQuesta testa ammortizzata \u00e8 pienamente compatibile con le action camera come DJI Action Series, Insta 360 ACE Series e GoPro Hero Series, ampliando le tue possibilit\u00e0 creative con i gimbal portatili. Inoltre, pu\u00f2 essere combinata con la <a href=\"https:\/\/eu.tilta.com\/shop\/electronic-suction-cup-4-5_\/\">ventosa elettronica<\/a> di Tilta per sbloccare un&#8217;ampia gamma di opzioni di montaggio e angolazioni di ripresa, offrendo una flessibilit\u00e0 senza precedenti per le tue imprese cinematografiche.https:\/\/tilta.com\/shop\/electronic-suction-cup-4-5_\/<\/p>\n<p><strong>Migliora la tua produzione cinematografica<\/strong><br \/>\nCon la testa antiurto per Hydra Alien Mini, puoi catturare con sicurezza filmati di qualit\u00e0 professionale in qualsiasi ambiente. Questo accessorio innovativo ti permette di superare i limiti della tua creativit\u00e0 e di ottenere risultati cinematografici che conquisteranno il tuo pubblico.<\/p>\n<\/div>\n","protected":false},"excerpt":{"rendered":"<p>La testa ammortizzata per Hydra Alien Mini \u00e8 uno strumento fondamentale per i registi e i creatori di contenuti che richiedono riprese di altissima qualit\u00e0. Progettato per contrastare le micro-vibrazioni che possono compromettere la stabilit\u00e0 dell&#8217;immagine, questo accessorio specializzato migliora [&hellip;]<\/p>\n","protected":false},"featured_media":2193071,"comment_status":"open","ping_status":"closed","template":"","meta":[],"product_cat":[3260],"product_tag":[],"acf":[],"gallery_images":[2193065,2193059,2193053,2193047,2193041],"_links":{"self":[{"href":"https:\/\/eu.tilta.com\/it\/wp-json\/wp\/v2\/product\/2233614"}],"collection":[{"href":"https:\/\/eu.tilta.com\/it\/wp-json\/wp\/v2\/product"}],"about":[{"href":"https:\/\/eu.tilta.com\/it\/wp-json\/wp\/v2\/types\/product"}],"replies":[{"embeddable":true,"href":"https:\/\/eu.tilta.com\/it\/wp-json\/wp\/v2\/comments?post=2233614"}],"wp:featuredmedia":[{"embeddable":true,"href":"https:\/\/eu.tilta.com\/it\/wp-json\/wp\/v2\/media\/2193071"}],"wp:attachment":[{"href":"https:\/\/eu.tilta.com\/it\/wp-json\/wp\/v2\/media?parent=2233614"}],"wp:term":[{"taxonomy":"product_cat","embeddable":true,"href":"https:\/\/eu.tilta.com\/it\/wp-json\/wp\/v2\/product_cat?post=2233614"},{"taxonomy":"product_tag","embeddable":true,"href":"https:\/\/eu.tilta.com\/it\/wp-json\/wp\/v2\/product_tag?post=2233614"}],"curies":[{"name":"wp","href":"https:\/\/api.w.org\/{rel}","templated":true}]}}