{"id":2233690,"date":"2025-03-10T08:02:51","date_gmt":"2025-03-10T07:02:51","guid":{"rendered":"https:\/\/eu.tilta.com\/shop\/staffa-a-contatto-caldo-per-fujifilm-x-t50\/"},"modified":"2026-02-11T07:00:15","modified_gmt":"2026-02-11T06:00:15","slug":"hot-shoe-thumb-bracket-for-fujifilm-x-t50","status":"publish","type":"product","link":"https:\/\/eu.tilta.com\/it\/shop\/hot-shoe-thumb-bracket-for-fujifilm-x-t50\/","title":{"rendered":"Staffa a contatto caldo per Fujifilm X-T50"},"content":{"rendered":"<p>La staffa Hot Shoe Thumb Bracket \u00e8 un leggero accessorio meccanico per la Fujifilm X-T50.<\/p>\n<p>Questa impugnatura per pollice si monta sul ricevitore Hot Shoe della fotocamera per offrire all&#8217;operatore una posizione comoda e sicura in cui appoggiare il pollice.<\/p>\n<p>Questo aiuta a migliorare la stabilit\u00e0 del palmare, che pu\u00f2 portare a scatti pi\u00f9 fluidi e a un&#8217;esperienza operativa complessivamente pi\u00f9 confortevole.<\/p>\n","protected":false},"excerpt":{"rendered":"<p>La staffa Hot Shoe Thumb Bracket \u00e8 un leggero accessorio meccanico per la Fujifilm X-T50. Questa impugnatura per pollice si monta sul ricevitore Hot Shoe della fotocamera per offrire all&#8217;operatore una posizione comoda e sicura in cui appoggiare il pollice. [&hellip;]<\/p>\n","protected":false},"featured_media":2169626,"comment_status":"open","ping_status":"closed","template":"","meta":[],"product_cat":[3364],"product_tag":[],"acf":[],"gallery_images":[2169615],"_links":{"self":[{"href":"https:\/\/eu.tilta.com\/it\/wp-json\/wp\/v2\/product\/2233690"}],"collection":[{"href":"https:\/\/eu.tilta.com\/it\/wp-json\/wp\/v2\/product"}],"about":[{"href":"https:\/\/eu.tilta.com\/it\/wp-json\/wp\/v2\/types\/product"}],"replies":[{"embeddable":true,"href":"https:\/\/eu.tilta.com\/it\/wp-json\/wp\/v2\/comments?post=2233690"}],"wp:featuredmedia":[{"embeddable":true,"href":"https:\/\/eu.tilta.com\/it\/wp-json\/wp\/v2\/media\/2169626"}],"wp:attachment":[{"href":"https:\/\/eu.tilta.com\/it\/wp-json\/wp\/v2\/media?parent=2233690"}],"wp:term":[{"taxonomy":"product_cat","embeddable":true,"href":"https:\/\/eu.tilta.com\/it\/wp-json\/wp\/v2\/product_cat?post=2233690"},{"taxonomy":"product_tag","embeddable":true,"href":"https:\/\/eu.tilta.com\/it\/wp-json\/wp\/v2\/product_tag?post=2233690"}],"curies":[{"name":"wp","href":"https:\/\/api.w.org\/{rel}","templated":true}]}}