{"id":2441508,"date":"2025-05-28T08:38:33","date_gmt":"2025-05-28T06:38:33","guid":{"rendered":"https:\/\/eu.tilta.com\/shop\/staffa-a-contatto-caldo-per-leica-q3-nero\/"},"modified":"2026-02-16T09:01:29","modified_gmt":"2026-02-16T08:01:29","slug":"hot-shoe-thumb-bracket-for-leica-q3-black","status":"publish","type":"product","link":"https:\/\/eu.tilta.com\/it\/shop\/hot-shoe-thumb-bracket-for-leica-q3-black\/","title":{"rendered":"Staffa a contatto caldo per Leica Q3 &#8211; Nero"},"content":{"rendered":"<p>La staffa Hot Shoe Thumb Bracket \u00e8 un accessorio meccanico leggero per la Leica Q3.<\/p>\n<p>Questa impugnatura per pollice si monta sul ricevitore Hot Shoe della fotocamera per offrire all&#8217;operatore una posizione comoda e sicura in cui appoggiare il pollice.<\/p>\n<p>Questo aiuta a migliorare la stabilit\u00e0 del palmare, che pu\u00f2 portare a scatti pi\u00f9 fluidi e a un&#8217;esperienza operativa complessivamente pi\u00f9 confortevole.<\/p>\n","protected":false},"excerpt":{"rendered":"<p>La staffa Hot Shoe Thumb Bracket \u00e8 un accessorio meccanico leggero per la Leica Q3. Questa impugnatura per pollice si monta sul ricevitore Hot Shoe della fotocamera per offrire all&#8217;operatore una posizione comoda e sicura in cui appoggiare il pollice. [&hellip;]<\/p>\n","protected":false},"featured_media":2417231,"comment_status":"open","ping_status":"closed","template":"","meta":[],"product_cat":[4448,3957],"product_tag":[],"acf":[],"gallery_images":[2417222],"_links":{"self":[{"href":"https:\/\/eu.tilta.com\/it\/wp-json\/wp\/v2\/product\/2441508"}],"collection":[{"href":"https:\/\/eu.tilta.com\/it\/wp-json\/wp\/v2\/product"}],"about":[{"href":"https:\/\/eu.tilta.com\/it\/wp-json\/wp\/v2\/types\/product"}],"replies":[{"embeddable":true,"href":"https:\/\/eu.tilta.com\/it\/wp-json\/wp\/v2\/comments?post=2441508"}],"wp:featuredmedia":[{"embeddable":true,"href":"https:\/\/eu.tilta.com\/it\/wp-json\/wp\/v2\/media\/2417231"}],"wp:attachment":[{"href":"https:\/\/eu.tilta.com\/it\/wp-json\/wp\/v2\/media?parent=2441508"}],"wp:term":[{"taxonomy":"product_cat","embeddable":true,"href":"https:\/\/eu.tilta.com\/it\/wp-json\/wp\/v2\/product_cat?post=2441508"},{"taxonomy":"product_tag","embeddable":true,"href":"https:\/\/eu.tilta.com\/it\/wp-json\/wp\/v2\/product_tag?post=2441508"}],"curies":[{"name":"wp","href":"https:\/\/api.w.org\/{rel}","templated":true}]}}