{"id":2441513,"date":"2025-06-05T11:30:51","date_gmt":"2025-06-05T09:30:51","guid":{"rendered":"https:\/\/eu.tilta.com\/shop\/testa-fluida-video-da-viaggio-tilta-con-base-piatta-5kg\/"},"modified":"2025-12-05T14:23:33","modified_gmt":"2025-12-05T13:23:33","slug":"tilta-travel-video-fluid-head-with-flat-base-5kg","status":"publish","type":"product","link":"https:\/\/eu.tilta.com\/it\/shop\/tilta-travel-video-fluid-head-with-flat-base-5kg\/","title":{"rendered":"Testa fluida video da viaggio Tilta con base piatta (5KG)"},"content":{"rendered":"<div class=\"overview-text\">\n<p><em>Presentazione della testa fluida video da viaggio con base piatta (5KG)<\/em><\/p>\n<p>Questa testa fluida progettata con precisione supporta fino a 5 kg, offrendo movimenti fluidi e precisi per riprese di livello professionale.<\/p>\n<p>Grazie al ricevitore ARCA e alla piastra a sgancio rapido inclusa, la testa fluida \u00e8 compatibile con la maggior parte dei sistemi o gabbie per fotocamere.<\/p>\n<p>Compatto e portatile, entra senza problemi nella tua valigia o nella borsa della fotocamera, pronto per qualsiasi servizio fotografico.<\/p>\n<p>Grazie alla pluriennale esperienza di Tilta nella realizzazione di accessori per imaging di alto livello, questo sistema stabilisce un nuovo standard in termini di stabilit\u00e0, versatilit\u00e0 e facilit\u00e0 d&#8217;uso.<\/p>\n<p>Questa testa video \u00e8 ideale per i videografi e i registi che cercano prestazioni superiori in un formato leggero.<\/p>\n<\/div>\n","protected":false},"excerpt":{"rendered":"<p>Presentazione della testa fluida video da viaggio con base piatta (5KG) Questa testa fluida progettata con precisione supporta fino a 5 kg, offrendo movimenti fluidi e precisi per riprese di livello professionale. Grazie al ricevitore ARCA e alla piastra a [&hellip;]<\/p>\n","protected":false},"featured_media":2441092,"comment_status":"open","ping_status":"closed","template":"","meta":[],"product_cat":[3910],"product_tag":[],"acf":[],"gallery_images":[2441123,2441107,2441137,2441149,2441155,2441168,2441161,2441174],"_links":{"self":[{"href":"https:\/\/eu.tilta.com\/it\/wp-json\/wp\/v2\/product\/2441513"}],"collection":[{"href":"https:\/\/eu.tilta.com\/it\/wp-json\/wp\/v2\/product"}],"about":[{"href":"https:\/\/eu.tilta.com\/it\/wp-json\/wp\/v2\/types\/product"}],"replies":[{"embeddable":true,"href":"https:\/\/eu.tilta.com\/it\/wp-json\/wp\/v2\/comments?post=2441513"}],"wp:featuredmedia":[{"embeddable":true,"href":"https:\/\/eu.tilta.com\/it\/wp-json\/wp\/v2\/media\/2441092"}],"wp:attachment":[{"href":"https:\/\/eu.tilta.com\/it\/wp-json\/wp\/v2\/media?parent=2441513"}],"wp:term":[{"taxonomy":"product_cat","embeddable":true,"href":"https:\/\/eu.tilta.com\/it\/wp-json\/wp\/v2\/product_cat?post=2441513"},{"taxonomy":"product_tag","embeddable":true,"href":"https:\/\/eu.tilta.com\/it\/wp-json\/wp\/v2\/product_tag?post=2441513"}],"curies":[{"name":"wp","href":"https:\/\/api.w.org\/{rel}","templated":true}]}}