{"id":2441540,"date":"2025-06-05T10:57:53","date_gmt":"2025-06-05T08:57:53","guid":{"rendered":"https:\/\/eu.tilta.com\/shop\/kit-di-montaggio-articolato-magnetico-tilta-grigio-titanio\/"},"modified":"2025-12-05T14:23:29","modified_gmt":"2025-12-05T13:23:29","slug":"tilta-magnetic-articulating-mounting-kit-titanium-grey","status":"publish","type":"product","link":"https:\/\/eu.tilta.com\/it\/shop\/tilta-magnetic-articulating-mounting-kit-titanium-grey\/","title":{"rendered":"Kit di montaggio articolato magnetico Tilta &#8211; Grigio titanio"},"content":{"rendered":"<div class=\"overview-text\">\n<p><em>Ecco il kit di montaggio articolato magnetico Tilta<\/em><\/p>\n<p>La base di questo kit \u00e8 il braccio articolato che pu\u00f2 essere utilizzato per montare magneticamente accessori compatibili come smartphone e power bank.<\/p>\n<p>L&#8217;estremit\u00e0 opposta presenta diverse opzioni di montaggio come Cold Shoe, 1\/4\u2033-20 e adesivo 3M.<\/p>\n<p>In questo modo gli utenti possono montare vari dispositivi magnetici sulla gabbia della videocamera, sul sistema di supporto e altro ancora per ottenere possibilit\u00e0 di rigging uniche.<\/p>\n<p>L&#8217;articolazione multiasse aiuta a configurare qualsiasi accessorio collegato nella posizione ideale, il che pu\u00f2 essere particolarmente utile per collegare uno smartphone a una telecamera per il monitoraggio wireless.<\/p>\n<p>Questo accessorio \u00e8 anche un modo ideale per collegare i banchi di batterie al sistema della fotocamera per alimentare accessori come il nostro <a href=\"https:\/\/eu.tilta.com\/shop\/nucleus-nano-ii-wireless-lens-control-system\/\">motore di messa a fuoco Nucleus Nano II Wireless<\/a>.<\/p>\n<\/div>\n","protected":false},"excerpt":{"rendered":"<p>Ecco il kit di montaggio articolato magnetico Tilta La base di questo kit \u00e8 il braccio articolato che pu\u00f2 essere utilizzato per montare magneticamente accessori compatibili come smartphone e power bank. L&#8217;estremit\u00e0 opposta presenta diverse opzioni di montaggio come Cold [&hellip;]<\/p>\n","protected":false},"featured_media":2440871,"comment_status":"open","ping_status":"closed","template":"","meta":[],"product_cat":[2179],"product_tag":[],"acf":[],"gallery_images":[2440838,2440851,2440844,2440865,2440857],"_links":{"self":[{"href":"https:\/\/eu.tilta.com\/it\/wp-json\/wp\/v2\/product\/2441540"}],"collection":[{"href":"https:\/\/eu.tilta.com\/it\/wp-json\/wp\/v2\/product"}],"about":[{"href":"https:\/\/eu.tilta.com\/it\/wp-json\/wp\/v2\/types\/product"}],"replies":[{"embeddable":true,"href":"https:\/\/eu.tilta.com\/it\/wp-json\/wp\/v2\/comments?post=2441540"}],"wp:featuredmedia":[{"embeddable":true,"href":"https:\/\/eu.tilta.com\/it\/wp-json\/wp\/v2\/media\/2440871"}],"wp:attachment":[{"href":"https:\/\/eu.tilta.com\/it\/wp-json\/wp\/v2\/media?parent=2441540"}],"wp:term":[{"taxonomy":"product_cat","embeddable":true,"href":"https:\/\/eu.tilta.com\/it\/wp-json\/wp\/v2\/product_cat?post=2441540"},{"taxonomy":"product_tag","embeddable":true,"href":"https:\/\/eu.tilta.com\/it\/wp-json\/wp\/v2\/product_tag?post=2441540"}],"curies":[{"name":"wp","href":"https:\/\/api.w.org\/{rel}","templated":true}]}}