{"id":2441917,"date":"2025-04-05T07:07:31","date_gmt":"2025-04-05T05:07:31","guid":{"rendered":"https:\/\/eu.tilta.com\/shop\/kit-motore-nucleus-m-ii\/"},"modified":"2025-12-05T14:28:02","modified_gmt":"2025-12-05T13:28:02","slug":"nucleus-m-ii-motor-kit","status":"publish","type":"product","link":"https:\/\/eu.tilta.com\/it\/shop\/nucleus-m-ii-motor-kit\/","title":{"rendered":"Kit motore Nucleus-M II"},"content":{"rendered":"<p>I motori wireless di nuova concezione sono stati aggiornati con una nuova interfaccia utente semplificata e indicatori LED codificati a colori che rendono pi\u00f9 facile che mai per gli utenti controllare le lenti in modalit\u00e0 wireless.<\/p>\n<p>Questi motori sono pi\u00f9 piccoli a parit\u00e0 di coppia, il che li rende perfetti per l&#8217;utilizzo su gimbal, steadicam o qualsiasi altro sistema di supporto in cui il peso totale \u00e8 un fattore importante.<\/p>\n<p>I registi che passano da sistemi precedenti troveranno piena compatibilit\u00e0 con i controller wireless e i motori della serie Nucleus esistenti, consentendo un percorso di aggiornamento graduale per gli utenti che non possono effettuare l&#8217;upgrade in una sola volta.<\/p>\n<p>Questo kit motore include un cavo EXT da 7 pin a 7 pin che rende facile l&#8217;integrazione di questo motore aggiuntivo in una configurazione esistente.<\/p>\n<p>Sono inclusi due supporti per aste che supportano aste da 15 e 19 mm.<\/p>\n<p><strong>Disponibile per il pre-ordine L&#8217;offerta introduttiva termina il 15 maggio, la spedizione avverr\u00e0 in 4-8 settimane.<\/strong><\/p>\n","protected":false},"excerpt":{"rendered":"<p>I motori wireless di nuova concezione sono stati aggiornati con una nuova interfaccia utente semplificata e indicatori LED codificati a colori che rendono pi\u00f9 facile che mai per gli utenti controllare le lenti in modalit\u00e0 wireless. Questi motori sono pi\u00f9 [&hellip;]<\/p>\n","protected":false},"featured_media":2244539,"comment_status":"open","ping_status":"closed","template":"","meta":[],"product_cat":[3918],"product_tag":[],"acf":[],"gallery_images":[2244545,2244551,2244557],"_links":{"self":[{"href":"https:\/\/eu.tilta.com\/it\/wp-json\/wp\/v2\/product\/2441917"}],"collection":[{"href":"https:\/\/eu.tilta.com\/it\/wp-json\/wp\/v2\/product"}],"about":[{"href":"https:\/\/eu.tilta.com\/it\/wp-json\/wp\/v2\/types\/product"}],"replies":[{"embeddable":true,"href":"https:\/\/eu.tilta.com\/it\/wp-json\/wp\/v2\/comments?post=2441917"}],"wp:featuredmedia":[{"embeddable":true,"href":"https:\/\/eu.tilta.com\/it\/wp-json\/wp\/v2\/media\/2244539"}],"wp:attachment":[{"href":"https:\/\/eu.tilta.com\/it\/wp-json\/wp\/v2\/media?parent=2441917"}],"wp:term":[{"taxonomy":"product_cat","embeddable":true,"href":"https:\/\/eu.tilta.com\/it\/wp-json\/wp\/v2\/product_cat?post=2441917"},{"taxonomy":"product_tag","embeddable":true,"href":"https:\/\/eu.tilta.com\/it\/wp-json\/wp\/v2\/product_tag?post=2441917"}],"curies":[{"name":"wp","href":"https:\/\/api.w.org\/{rel}","templated":true}]}}