{"id":2594063,"date":"2025-07-12T08:57:02","date_gmt":"2025-07-12T06:57:02","guid":{"rendered":"https:\/\/eu.tilta.com\/shop\/piastra-superiore-per-canon-powershot-v1-nero\/"},"modified":"2025-12-05T14:28:36","modified_gmt":"2025-12-05T13:28:36","slug":"top-plate-for-canon-powershot-v1-black","status":"publish","type":"product","link":"https:\/\/eu.tilta.com\/it\/shop\/top-plate-for-canon-powershot-v1-black\/","title":{"rendered":"Piastra superiore per Canon PowerShot V1 &#8211; Nero"},"content":{"rendered":"<div class=\"overview-text\">\n<p><em>Presentazione della piastra superiore per Canon PowerShot V1<\/em><\/p>\n<p>Questa piastra protettiva si monta sulla parte superiore del corpo macchina della Canon PowerShot V1 per fornire una protezione leggera e robusta alla fotocamera.<\/p>\n<p>L&#8217;attacco Cold Shoe staccabile consente agli utenti di montare accessori basati su Cold Shoe come microfoni, staffe per monitor o luci di bordo.<\/p>\n<p>Il design staccabile \u00e8 comodo quando si viaggia, perch\u00e9 gli utenti possono rimuovere il punto di montaggio quando non \u00e8 necessario per mantenere la fotocamera leggera e compatta.<\/p>\n<p>Questo accessorio \u00e8 particolarmente utile quando si viaggia o si utilizza la fotocamera in condizioni estreme.<\/p>\n<\/div>\n","protected":false},"excerpt":{"rendered":"<p>Presentazione della piastra superiore per Canon PowerShot V1 Questa piastra protettiva si monta sulla parte superiore del corpo macchina della Canon PowerShot V1 per fornire una protezione leggera e robusta alla fotocamera. L&#8217;attacco Cold Shoe staccabile consente agli utenti di [&hellip;]<\/p>\n","protected":false},"featured_media":2578886,"comment_status":"open","ping_status":"closed","template":"","meta":[],"product_cat":[4060],"product_tag":[],"acf":[],"gallery_images":[2578889,2578841,2578772,2578784],"_links":{"self":[{"href":"https:\/\/eu.tilta.com\/it\/wp-json\/wp\/v2\/product\/2594063"}],"collection":[{"href":"https:\/\/eu.tilta.com\/it\/wp-json\/wp\/v2\/product"}],"about":[{"href":"https:\/\/eu.tilta.com\/it\/wp-json\/wp\/v2\/types\/product"}],"replies":[{"embeddable":true,"href":"https:\/\/eu.tilta.com\/it\/wp-json\/wp\/v2\/comments?post=2594063"}],"wp:featuredmedia":[{"embeddable":true,"href":"https:\/\/eu.tilta.com\/it\/wp-json\/wp\/v2\/media\/2578886"}],"wp:attachment":[{"href":"https:\/\/eu.tilta.com\/it\/wp-json\/wp\/v2\/media?parent=2594063"}],"wp:term":[{"taxonomy":"product_cat","embeddable":true,"href":"https:\/\/eu.tilta.com\/it\/wp-json\/wp\/v2\/product_cat?post=2594063"},{"taxonomy":"product_tag","embeddable":true,"href":"https:\/\/eu.tilta.com\/it\/wp-json\/wp\/v2\/product_tag?post=2594063"}],"curies":[{"name":"wp","href":"https:\/\/api.w.org\/{rel}","templated":true}]}}