{"id":2594077,"date":"2025-07-09T05:52:40","date_gmt":"2025-07-09T03:52:40","guid":{"rendered":"https:\/\/eu.tilta.com\/shop\/kit-di-filtri-tilta-ultimate-per-dji-osmo-pocket-3\/"},"modified":"2025-12-05T14:28:49","modified_gmt":"2025-12-05T13:28:49","slug":"tilta-ultimate-filter-kit-for-dji-osmo-pocket-3","status":"publish","type":"product","link":"https:\/\/eu.tilta.com\/it\/shop\/tilta-ultimate-filter-kit-for-dji-osmo-pocket-3\/","title":{"rendered":"Kit di filtri Tilta Ultimate per DJI Osmo Pocket 3"},"content":{"rendered":"<div class=\"overview-text\">\n<p><em>Ecco il kit di filtri Tilta Ultimate per DJI Osmo Pocket 3<\/em><\/p>\n<p>I filtri sono progettati su misura per il Pocket 3 e sono dotati di un collegamento magnetico per una connessione senza sforzo e di un design con scanalature a sgancio rapido, che consente un accesso rapido con un pizzico di rimozione.<\/p>\n<p>Il filtro \u00e8 dotato di vetro ottico di alta qualit\u00e0 per immagini cristalline e una resa dei colori fedele alla realt\u00e0, mentre un rivestimento multiuso su due lati protegge da acqua, olio e graffi.<\/p>\n<p>La struttura ultra-sottile non interferisce con la ritrazione o la calibrazione dell&#8217;obiettivo quando \u00e8 collegato.<\/p>\n<p>Questo kit comprende:<\/p>\n<p>1x Filtro polarizzatore circolare<\/p>\n<p>2x Filtro nebbia nero (1\/2, 1\/4)<\/p>\n<p>3x Filtro ND (1.5, 1.8, 2.1)<\/p>\n<\/div>\n","protected":false},"excerpt":{"rendered":"<p>Ecco il kit di filtri Tilta Ultimate per DJI Osmo Pocket 3 I filtri sono progettati su misura per il Pocket 3 e sono dotati di un collegamento magnetico per una connessione senza sforzo e di un design con scanalature [&hellip;]<\/p>\n","protected":false},"featured_media":2564368,"comment_status":"open","ping_status":"closed","template":"","meta":[],"product_cat":[2060],"product_tag":[],"acf":[],"gallery_images":[2564338,2564344],"_links":{"self":[{"href":"https:\/\/eu.tilta.com\/it\/wp-json\/wp\/v2\/product\/2594077"}],"collection":[{"href":"https:\/\/eu.tilta.com\/it\/wp-json\/wp\/v2\/product"}],"about":[{"href":"https:\/\/eu.tilta.com\/it\/wp-json\/wp\/v2\/types\/product"}],"replies":[{"embeddable":true,"href":"https:\/\/eu.tilta.com\/it\/wp-json\/wp\/v2\/comments?post=2594077"}],"wp:featuredmedia":[{"embeddable":true,"href":"https:\/\/eu.tilta.com\/it\/wp-json\/wp\/v2\/media\/2564368"}],"wp:attachment":[{"href":"https:\/\/eu.tilta.com\/it\/wp-json\/wp\/v2\/media?parent=2594077"}],"wp:term":[{"taxonomy":"product_cat","embeddable":true,"href":"https:\/\/eu.tilta.com\/it\/wp-json\/wp\/v2\/product_cat?post=2594077"},{"taxonomy":"product_tag","embeddable":true,"href":"https:\/\/eu.tilta.com\/it\/wp-json\/wp\/v2\/product_tag?post=2594077"}],"curies":[{"name":"wp","href":"https:\/\/api.w.org\/{rel}","templated":true}]}}