{"id":2594087,"date":"2025-07-12T08:31:48","date_gmt":"2025-07-12T06:31:48","guid":{"rendered":"https:\/\/eu.tilta.com\/shop\/gabbia-vintage-per-fotocamera-per-kit-base-canon-powershot-v1-nero\/"},"modified":"2025-12-05T14:28:52","modified_gmt":"2025-12-05T13:28:52","slug":"vintage-camera-cage-for-canon-powershot-v1-base-kit-black","status":"publish","type":"product","link":"https:\/\/eu.tilta.com\/it\/shop\/vintage-camera-cage-for-canon-powershot-v1-base-kit-black\/","title":{"rendered":"Gabbia vintage per fotocamera per kit base Canon PowerShot V1 &#8211; Nero"},"content":{"rendered":"<div class=\"overview-text\">\n<p><em>Presentazione della gabbia per fotocamera vintage per il kit base della Canon PowerShot V1<\/em><\/p>\n<p>La base di questo kit \u00e8 la piastra di montaggio con impugnatura in legno, realizzata in legno di noce, che offre un modo pi\u00f9 comodo di utilizzare e maneggiare la fotocamera, pur rimanendo compatta e adatta al viaggio.<\/p>\n<p>La piastra inferiore pu\u00f2 facilmente ospitare una piastra a sgancio rapido ARCA (non inclusa) che permette al sistema di essere montato facilmente sui Gimbal della serie Ronin S o su treppiedi leggeri come il nostro treppiede VT-05 Travel Fluid Head.<\/p>\n<p>Questa piastra protettiva si monta sulla parte superiore del corpo macchina per fornire una protezione leggera e robusta alla fotocamera.<\/p>\n<p>L&#8217;attacco Cold Shoe staccabile consente agli utenti di montare accessori basati su Cold Shoe come microfoni, staffe per monitor o luci di bordo, il che \u00e8 comodo quando si viaggia perch\u00e9 gli utenti possono rimuovere il punto di montaggio quando non \u00e8 necessario per mantenere la fotocamera leggera e compatta.<\/p>\n<p>Questo accessorio \u00e8 particolarmente utile quando si viaggia o si utilizza la fotocamera in condizioni estreme.<\/p>\n<p>Questo paravento in pelliccia ad alta densit\u00e0 blocca i rumori esterni provenienti dal vento e da altre fonti, aiutando gli utenti a ottenere un audio nitido e chiaro senza aggiungere dimensioni significative al loro impianto.<\/p>\n<p>Questa unit\u00e0 \u00e8 stata progettata con precisione per adattarsi saldamente senza ostruire i pulsanti di accensione o di funzione.<\/p>\n<\/div>\n","protected":false},"excerpt":{"rendered":"<p>Presentazione della gabbia per fotocamera vintage per il kit base della Canon PowerShot V1 La base di questo kit \u00e8 la piastra di montaggio con impugnatura in legno, realizzata in legno di noce, che offre un modo pi\u00f9 comodo di [&hellip;]<\/p>\n","protected":false},"featured_media":2578603,"comment_status":"open","ping_status":"closed","template":"","meta":[],"product_cat":[4060],"product_tag":[],"acf":[],"gallery_images":[2578606,2578614,2578620,2578705,2578699,2578693],"_links":{"self":[{"href":"https:\/\/eu.tilta.com\/it\/wp-json\/wp\/v2\/product\/2594087"}],"collection":[{"href":"https:\/\/eu.tilta.com\/it\/wp-json\/wp\/v2\/product"}],"about":[{"href":"https:\/\/eu.tilta.com\/it\/wp-json\/wp\/v2\/types\/product"}],"replies":[{"embeddable":true,"href":"https:\/\/eu.tilta.com\/it\/wp-json\/wp\/v2\/comments?post=2594087"}],"wp:featuredmedia":[{"embeddable":true,"href":"https:\/\/eu.tilta.com\/it\/wp-json\/wp\/v2\/media\/2578603"}],"wp:attachment":[{"href":"https:\/\/eu.tilta.com\/it\/wp-json\/wp\/v2\/media?parent=2594087"}],"wp:term":[{"taxonomy":"product_cat","embeddable":true,"href":"https:\/\/eu.tilta.com\/it\/wp-json\/wp\/v2\/product_cat?post=2594087"},{"taxonomy":"product_tag","embeddable":true,"href":"https:\/\/eu.tilta.com\/it\/wp-json\/wp\/v2\/product_tag?post=2594087"}],"curies":[{"name":"wp","href":"https:\/\/api.w.org\/{rel}","templated":true}]}}