{"id":2594164,"date":"2025-07-09T04:17:27","date_gmt":"2025-07-09T02:17:27","guid":{"rendered":"https:\/\/eu.tilta.com\/shop\/filtro-polarizzatore-tilta-per-dji-osmo-pocket-3\/"},"modified":"2025-12-05T14:29:51","modified_gmt":"2025-12-05T13:29:51","slug":"tilta-polarizer-filter-for-dji-osmo-pocket-3","status":"publish","type":"product","link":"https:\/\/eu.tilta.com\/it\/shop\/tilta-polarizer-filter-for-dji-osmo-pocket-3\/","title":{"rendered":"Filtro polarizzatore Tilta per DJI Osmo Pocket 3"},"content":{"rendered":"<div class=\"overview-text\">\n<p><em>Presentazione del filtro polarizzatore circolare Tilta per DJI Osmo Pocket 3<\/em><\/p>\n<p>Questo filtro \u00e8 stato progettato su misura per il Pocket 3 e presenta una connessione magnetica per un collegamento senza sforzo, mentre il design con scanalature a sgancio rapido consente un accesso rapido, con un pizzico di rimozione.<\/p>\n<p>\u00c8 in grado di produrre colori accurati e vivaci limitando la luce riflessa e prevenendo l&#8217;abbagliamento indesiderato causato da superfici riflettenti come l&#8217;acqua o il vetro.<\/p>\n<p>Il filtro \u00e8 dotato di vetro ottico di alta qualit\u00e0 per immagini cristalline e una resa dei colori fedele alla realt\u00e0, mentre un rivestimento multiuso su due lati protegge da acqua, olio e graffi.<\/p>\n<p>La struttura ultra-sottile non interferisce con la ritrazione o la calibrazione dell&#8217;obiettivo quando \u00e8 collegato.<\/p>\n<\/div>\n","protected":false},"excerpt":{"rendered":"<p>Presentazione del filtro polarizzatore circolare Tilta per DJI Osmo Pocket 3 Questo filtro \u00e8 stato progettato su misura per il Pocket 3 e presenta una connessione magnetica per un collegamento senza sforzo, mentre il design con scanalature a sgancio rapido [&hellip;]<\/p>\n","protected":false},"featured_media":2563425,"comment_status":"open","ping_status":"closed","template":"","meta":[],"product_cat":[2060],"product_tag":[],"acf":[],"gallery_images":[2563413,2563432,2563419],"_links":{"self":[{"href":"https:\/\/eu.tilta.com\/it\/wp-json\/wp\/v2\/product\/2594164"}],"collection":[{"href":"https:\/\/eu.tilta.com\/it\/wp-json\/wp\/v2\/product"}],"about":[{"href":"https:\/\/eu.tilta.com\/it\/wp-json\/wp\/v2\/types\/product"}],"replies":[{"embeddable":true,"href":"https:\/\/eu.tilta.com\/it\/wp-json\/wp\/v2\/comments?post=2594164"}],"wp:featuredmedia":[{"embeddable":true,"href":"https:\/\/eu.tilta.com\/it\/wp-json\/wp\/v2\/media\/2563425"}],"wp:attachment":[{"href":"https:\/\/eu.tilta.com\/it\/wp-json\/wp\/v2\/media?parent=2594164"}],"wp:term":[{"taxonomy":"product_cat","embeddable":true,"href":"https:\/\/eu.tilta.com\/it\/wp-json\/wp\/v2\/product_cat?post=2594164"},{"taxonomy":"product_tag","embeddable":true,"href":"https:\/\/eu.tilta.com\/it\/wp-json\/wp\/v2\/product_tag?post=2594164"}],"curies":[{"name":"wp","href":"https:\/\/api.w.org\/{rel}","templated":true}]}}