{"id":2594247,"date":"2025-07-04T04:45:01","date_gmt":"2025-07-04T02:45:01","guid":{"rendered":"https:\/\/eu.tilta.com\/shop\/staffa-a-contatto-caldo-per-fujifilm-gfx100rf\/"},"modified":"2025-12-05T14:30:33","modified_gmt":"2025-12-05T13:30:33","slug":"hot-shoe-thumb-bracket-for-fujifilm-gfx100rf","status":"publish","type":"product","link":"https:\/\/eu.tilta.com\/it\/shop\/hot-shoe-thumb-bracket-for-fujifilm-gfx100rf\/","title":{"rendered":"Staffa a contatto caldo per Fujifilm GFX100RF"},"content":{"rendered":"<div class=\"overview-text\">\n<p>La staffa Hot Shoe Thumb Bracket \u00e8 un leggero accessorio meccanico per la Fujifilm GFX100RF.<\/p>\n<p>Questa impugnatura per pollice si monta sul ricevitore Hot Shoe della fotocamera per offrire all&#8217;operatore una posizione comoda e sicura in cui appoggiare il pollice.<\/p>\n<p>Questo aiuta a migliorare la stabilit\u00e0 del palmare, che pu\u00f2 portare a scatti pi\u00f9 fluidi e a un&#8217;esperienza operativa complessivamente pi\u00f9 confortevole.<\/p>\n<\/div>\n","protected":false},"excerpt":{"rendered":"<p>La staffa Hot Shoe Thumb Bracket \u00e8 un leggero accessorio meccanico per la Fujifilm GFX100RF. Questa impugnatura per pollice si monta sul ricevitore Hot Shoe della fotocamera per offrire all&#8217;operatore una posizione comoda e sicura in cui appoggiare il pollice. [&hellip;]<\/p>\n","protected":false},"featured_media":2539219,"comment_status":"open","ping_status":"closed","template":"","meta":[],"product_cat":[4091],"product_tag":[],"acf":[],"gallery_images":[2539231],"_links":{"self":[{"href":"https:\/\/eu.tilta.com\/it\/wp-json\/wp\/v2\/product\/2594247"}],"collection":[{"href":"https:\/\/eu.tilta.com\/it\/wp-json\/wp\/v2\/product"}],"about":[{"href":"https:\/\/eu.tilta.com\/it\/wp-json\/wp\/v2\/types\/product"}],"replies":[{"embeddable":true,"href":"https:\/\/eu.tilta.com\/it\/wp-json\/wp\/v2\/comments?post=2594247"}],"wp:featuredmedia":[{"embeddable":true,"href":"https:\/\/eu.tilta.com\/it\/wp-json\/wp\/v2\/media\/2539219"}],"wp:attachment":[{"href":"https:\/\/eu.tilta.com\/it\/wp-json\/wp\/v2\/media?parent=2594247"}],"wp:term":[{"taxonomy":"product_cat","embeddable":true,"href":"https:\/\/eu.tilta.com\/it\/wp-json\/wp\/v2\/product_cat?post=2594247"},{"taxonomy":"product_tag","embeddable":true,"href":"https:\/\/eu.tilta.com\/it\/wp-json\/wp\/v2\/product_tag?post=2594247"}],"curies":[{"name":"wp","href":"https:\/\/api.w.org\/{rel}","templated":true}]}}