{"id":3136232,"date":"2025-09-22T15:45:16","date_gmt":"2025-09-22T13:45:16","guid":{"rendered":"https:\/\/eu.tilta.com\/shop\/custodia-khronos-per-iphone-17-pro-pro-max\/"},"modified":"2026-04-15T04:00:23","modified_gmt":"2026-04-15T02:00:23","slug":"khronos-iphone-17-pro-pro-max-case","status":"publish","type":"product","link":"https:\/\/eu.tilta.com\/it\/shop\/khronos-iphone-17-pro-pro-max-case\/","title":{"rendered":"Custodia Khronos per iPhone 17 Pro\/Pro Max"},"content":{"rendered":"<p>Ti presentiamo la custodia Khronos per iPhone 17 Pro \/ Pro Max, la nuova generazione di filmati mobili.<\/p>\n<p>Progettata meticolosamente per entrambi i modelli di iPhone 16, questa custodia per smartphone ispirata alla gabbia della fotocamera offre una miscela impareggiabile di funzionalit\u00e0 ed eleganza.Costruita per proteggere il tuo telefono dall&#8217;usura quotidiana, la custodia Khronos offre una protezione affidabile senza compromettere lo stile o la funzionalit\u00e0.<\/p>\n<p>L&#8217;installazione \u00e8 pi\u00f9 facile che mai, perch\u00e9 questa nuova custodia \u00e8 dotata di un design a sgancio rapido, che consente agli utenti di installare o rimuovere la custodia rapidamente, assicurando che gli accessori collegati rimangano saldamente attaccati.<\/p>\n<p>Dotato di molteplici punti di montaggio, l&#8217;innovativo meccanismo di bloccaggio garantisce connessioni sicure per accessori aggiuntivi come maniglie laterali Focus, moduli di raffreddamento, filtri, luci a bordo, hub USB-C e molto altro.<\/p>\n<p>La custodia Khronos \u00e8 dotata di punti di contatto elettronici integrati, che ti permettono di far passare l&#8217;energia attraverso la gabbia per alimentare i tuoi accessori quando utilizzi una maniglia di alimentazione opzionale.<\/p>\n<p>Disponibile nei colori Space Grey, Black, Orange e Beige, la custodia Khronos completa il design del tuo iPhone aggiungendo un tocco di stile.<\/p>\n<p>Derivato dalla parola greca &#8220;tempo&#8221;, il nome &#8220;Khronos&#8221; racchiude un concetto profondo. Pi\u00f9 che una semplice custodia per il telefono, serve a conservare i ricordi pi\u00f9 cari condivisi tra famiglie, amici e persone care.<\/p>\n<p>Vivi l&#8217;esperienza del filmmaking come mai prima d&#8217;ora con la custodia Khronos per iPhone 16 Pro \/ Pro Max &#8211; dove l&#8217;innovazione incontra la passione.<\/p>\n","protected":false},"excerpt":{"rendered":"<p>Ti presentiamo la custodia Khronos per iPhone 17 Pro \/ Pro Max, la nuova generazione di filmati mobili. Progettata meticolosamente per entrambi i modelli di iPhone 16, questa custodia per smartphone ispirata alla gabbia della fotocamera offre una miscela impareggiabile [&hellip;]<\/p>\n","protected":false},"featured_media":2914873,"comment_status":"open","ping_status":"closed","template":"","meta":[],"product_cat":[4496,4212],"product_tag":[],"acf":[],"gallery_images":[2914880,2914889,2914902,2914867],"_links":{"self":[{"href":"https:\/\/eu.tilta.com\/it\/wp-json\/wp\/v2\/product\/3136232"}],"collection":[{"href":"https:\/\/eu.tilta.com\/it\/wp-json\/wp\/v2\/product"}],"about":[{"href":"https:\/\/eu.tilta.com\/it\/wp-json\/wp\/v2\/types\/product"}],"replies":[{"embeddable":true,"href":"https:\/\/eu.tilta.com\/it\/wp-json\/wp\/v2\/comments?post=3136232"}],"wp:featuredmedia":[{"embeddable":true,"href":"https:\/\/eu.tilta.com\/it\/wp-json\/wp\/v2\/media\/2914873"}],"wp:attachment":[{"href":"https:\/\/eu.tilta.com\/it\/wp-json\/wp\/v2\/media?parent=3136232"}],"wp:term":[{"taxonomy":"product_cat","embeddable":true,"href":"https:\/\/eu.tilta.com\/it\/wp-json\/wp\/v2\/product_cat?post=3136232"},{"taxonomy":"product_tag","embeddable":true,"href":"https:\/\/eu.tilta.com\/it\/wp-json\/wp\/v2\/product_tag?post=3136232"}],"curies":[{"name":"wp","href":"https:\/\/api.w.org\/{rel}","templated":true}]}}