{"id":3136328,"date":"2025-09-22T14:34:01","date_gmt":"2025-09-22T12:34:01","guid":{"rendered":"https:\/\/eu.tilta.com\/shop\/khronos-iphone-17-pro-pro-max-street-snap-kit\/"},"modified":"2026-04-15T04:01:08","modified_gmt":"2026-04-15T02:01:08","slug":"khronos-iphone-17-pro-pro-max-street-snap-kit","status":"publish","type":"product","link":"https:\/\/eu.tilta.com\/it\/shop\/khronos-iphone-17-pro-pro-max-street-snap-kit\/","title":{"rendered":"Khronos iPhone 17 Pro\/Pro Max Street Snap Kit"},"content":{"rendered":"<p>Ti presentiamo il kit Khronos Street Snap per iPhone 17 Pro \/ Pro Max, la nuova generazione di riprese mobili.<\/p>\n<p>Progettata meticolosamente per entrambi i modelli di iPhone 17, questa custodia per smartphone ispirata alla gabbia della fotocamera offre un mix impareggiabile di funzionalit\u00e0 ed eleganza. Costruita per proteggere il tuo telefono dall&#8217;usura quotidiana, la custodia Khronos offre una protezione affidabile senza compromettere lo stile o la funzionalit\u00e0.<\/p>\n<p>L&#8217;installazione \u00e8 pi\u00f9 facile che mai, perch\u00e9 questa nuova custodia \u00e8 dotata di un design a sgancio rapido, che consente agli utenti di installare o rimuovere la custodia rapidamente, assicurando che gli accessori collegati rimangano saldamente attaccati. La custodia Khronos \u00e8 dotata di punti di contatto elettronici integrati, che ti permettono di far passare l&#8217;energia attraverso la gabbia per alimentare i tuoi accessori.<\/p>\n<p>Nel kit Ultimate \u00e8 inclusa l&#8217;<a href=\"https:\/\/eu.tilta.com\/shop\/khronos-focus-pd-handle-for-iphone\/\">impugnatura Khronos Focus PD<\/a> che fornisce ulteriore potenza al sistema e offre un maggiore controllo sulle funzionalit\u00e0 di messa a fuoco e zoom dell&#8217;iPhone. Questo manico utilizza lo stesso innovativo meccanismo di bloccaggio degli altri accessori Khronos e dispone di una batteria interna che pu\u00f2 essere ricaricata tramite USB-C.<\/p>\n<p>L&#8217;impugnatura si collega a un iPhone 16 tramite un cavo USB-C integrato e utilizza il bluetooth per controllare la messa a fuoco o lo zoom tramite la ghiera sulla parte anteriore dell&#8217;impugnatura. Inoltre, il pulsante di registrazione assicura che gli utenti non debbano lasciare la maniglia per avviare la registrazione.<\/p>\n<p>Questo kit include anche una <a href=\"https:\/\/eu.tilta.com\/shop\/khronos-mini-led-panel-daylight\/\">mini luce LED Daylight<\/a> che pu\u00f2 essere montata in pi\u00f9 posizioni sulla cassa. La lampada ha un CRI \u226595RA e dispone di 3 livelli di luminosit\u00e0 e di un supporto regolabile.<\/p>\n<p>Il<a href=\"https:\/\/eu.tilta.com\/shop\/khronos-58mm-filter-tray-for-iphone-17-pro-pro-max\/\"> vassoio per filtri da 58 mm<\/a> si monta facilmente sulla custodia Khronos per accogliere i filtri da 58 mm di Tilta o di altri produttori.<\/p>\n<p>Il<a href=\"https:\/\/eu.tilta.com\/shop\/khronos-magnetic-58mm-polarizer-with-black-mist-1-2-filter\/\"> polarizzatore magnetico da 58 mm con filtro Black Mist 1\/2<\/a> incluso produce colori accurati e vibranti limitando la luce riflessa e prevenendo i riflessi indesiderati causati da superfici riflettenti come acqua o vetro. Agisce anche come diffusione della nebbia nera, ideale per eliminare i bordi digitali dell&#8217;immagine dell&#8217;iPhone e avere un maggiore controllo sulla direzione della luce e dei riflessi.<\/p>\n<p><b>NOTA: l&#8217;impugnatura Focus e l&#8217;hub USB-C richiedono un cavo TRS da 3,5 mm a TRRS da 3,5 mm per poter utilizzare fonti audio esterne.<\/b><\/p>\n","protected":false},"excerpt":{"rendered":"<p>Ti presentiamo il kit Khronos Street Snap per iPhone 17 Pro \/ Pro Max, la nuova generazione di riprese mobili. Progettata meticolosamente per entrambi i modelli di iPhone 17, questa custodia per smartphone ispirata alla gabbia della fotocamera offre un [&hellip;]<\/p>\n","protected":false},"featured_media":2913771,"comment_status":"open","ping_status":"closed","template":"","meta":[],"product_cat":[4496,4212],"product_tag":[],"acf":[],"gallery_images":[2913781,2913787,2913794],"_links":{"self":[{"href":"https:\/\/eu.tilta.com\/it\/wp-json\/wp\/v2\/product\/3136328"}],"collection":[{"href":"https:\/\/eu.tilta.com\/it\/wp-json\/wp\/v2\/product"}],"about":[{"href":"https:\/\/eu.tilta.com\/it\/wp-json\/wp\/v2\/types\/product"}],"replies":[{"embeddable":true,"href":"https:\/\/eu.tilta.com\/it\/wp-json\/wp\/v2\/comments?post=3136328"}],"wp:featuredmedia":[{"embeddable":true,"href":"https:\/\/eu.tilta.com\/it\/wp-json\/wp\/v2\/media\/2913771"}],"wp:attachment":[{"href":"https:\/\/eu.tilta.com\/it\/wp-json\/wp\/v2\/media?parent=3136328"}],"wp:term":[{"taxonomy":"product_cat","embeddable":true,"href":"https:\/\/eu.tilta.com\/it\/wp-json\/wp\/v2\/product_cat?post=3136328"},{"taxonomy":"product_tag","embeddable":true,"href":"https:\/\/eu.tilta.com\/it\/wp-json\/wp\/v2\/product_tag?post=3136328"}],"curies":[{"name":"wp","href":"https:\/\/api.w.org\/{rel}","templated":true}]}}