{"id":3136602,"date":"2025-09-12T09:40:11","date_gmt":"2025-09-12T07:40:11","guid":{"rendered":"https:\/\/eu.tilta.com\/shop\/sistema-hydra-x-dan-ming-speed-pan\/"},"modified":"2026-04-26T18:52:10","modified_gmt":"2026-04-26T16:52:10","slug":"hydra-x-dan-ming-speed-pan-system","status":"publish","type":"product","link":"https:\/\/eu.tilta.com\/it\/shop\/hydra-x-dan-ming-speed-pan-system\/","title":{"rendered":"Sistema Hydra x Dan Ming Speed Pan"},"content":{"rendered":"<div class=\"overview-text\">\n<p><em>Ti presentiamo una collaborazione unica nel suo genere: il sistema Speed Pan Hydra x Dan Ming<\/em><\/p>\n<p>Il sistema Speed Pan permette agli utenti di catturare panoramiche ad alta velocit\u00e0 attraverso il controllo preciso di un motore di messa a fuoco wireless.<\/p>\n<p>Il fondamento di questo sistema \u00e8 una base rotante con denti dentati per far ruotare un motore di messa a fuoco. Le fotocamere di dimensioni ridotte, come le action camera o le DSLR, possono essere montate tramite una piastra a sgancio rapido.<\/p>\n<p>Questa base \u00e8 dotata anche di un asse di inclinazione regolabile che aiuta ad inquadrare e a creare angoli unici.<\/p>\n<p>Nella parte inferiore di questa base troverai tre binari NATO che possono essere utilizzati per collegare bracci articolati, ventose e altri sistemi di supporto personalizzati.<\/p>\n<p>Il Kit Pro include tre bracci articolati resistenti e tre ventose elettroniche. In questo modo si ottiene un&#8217;opzione di montaggio sicura e flessibile per allineare il sistema in diverse angolazioni su un veicolo.<\/p>\n<p>Questo sistema \u00e8 stato progettato per aiutare a catturare l&#8217;azione ad alta velocit\u00e0 tipica delle riprese da auto a auto, ma pu\u00f2 essere utilizzato in altri scenari di ripresa creativa grazie ai molteplici punti di montaggio sull&#8217;unit\u00e0 stessa, come le filettature NATO e da \u00bc&#8221;-20.<\/p>\n<p>Dan Ming ha ricoperto il ruolo di 1\u00b0 AC e di Systems Engineer in F1: The Movie. Ha svolto un ruolo fondamentale nello sviluppo del sistema prototipo compatto &#8220;Sensor on a Stick&#8221; di Sony e ha collaborato alla progettazione del Pana-Pan con Panavision.<\/p>\n<p>La sua esperienza si estende a numerose produzioni hollywoodiane, dove \u00e8 diventato famoso per l&#8217;integrazione di tecnologie innovative in scenari di ripresa complessi.<\/p>\n<p><strong>NOTA: il motore di messa a fuoco wireless non \u00e8 incluso<\/strong><\/p>\n<\/div>\n","protected":false},"excerpt":{"rendered":"<p>Ti presentiamo una collaborazione unica nel suo genere: il sistema Speed Pan Hydra x Dan Ming Il sistema Speed Pan permette agli utenti di catturare panoramiche ad alta velocit\u00e0 attraverso il controllo preciso di un motore di messa a fuoco [&hellip;]<\/p>\n","protected":false},"featured_media":2851654,"comment_status":"open","ping_status":"closed","template":"","meta":[],"product_cat":[4273],"product_tag":[],"acf":[],"gallery_images":[2851662,2851648,2851614,2851604,2851636,2851642,2851630,2851722,2851677,2851670],"_links":{"self":[{"href":"https:\/\/eu.tilta.com\/it\/wp-json\/wp\/v2\/product\/3136602"}],"collection":[{"href":"https:\/\/eu.tilta.com\/it\/wp-json\/wp\/v2\/product"}],"about":[{"href":"https:\/\/eu.tilta.com\/it\/wp-json\/wp\/v2\/types\/product"}],"replies":[{"embeddable":true,"href":"https:\/\/eu.tilta.com\/it\/wp-json\/wp\/v2\/comments?post=3136602"}],"wp:featuredmedia":[{"embeddable":true,"href":"https:\/\/eu.tilta.com\/it\/wp-json\/wp\/v2\/media\/2851654"}],"wp:attachment":[{"href":"https:\/\/eu.tilta.com\/it\/wp-json\/wp\/v2\/media?parent=3136602"}],"wp:term":[{"taxonomy":"product_cat","embeddable":true,"href":"https:\/\/eu.tilta.com\/it\/wp-json\/wp\/v2\/product_cat?post=3136602"},{"taxonomy":"product_tag","embeddable":true,"href":"https:\/\/eu.tilta.com\/it\/wp-json\/wp\/v2\/product_tag?post=3136602"}],"curies":[{"name":"wp","href":"https:\/\/api.w.org\/{rel}","templated":true}]}}