{"id":3136603,"date":"2025-09-11T09:37:28","date_gmt":"2025-09-11T07:37:28","guid":{"rendered":"https:\/\/eu.tilta.com\/shop\/carrello-per-videocamere-tilta-boulder-36\/"},"modified":"2026-03-27T17:05:07","modified_gmt":"2026-03-27T16:05:07","slug":"tilta-boulder-36-camera-cart","status":"publish","type":"product","link":"https:\/\/eu.tilta.com\/it\/shop\/tilta-boulder-36-camera-cart\/","title":{"rendered":"Carrello per videocamere Tilta Boulder 36"},"content":{"rendered":"<div class=\"overview-text\">\n<p>Ti presentiamo il carrello per fotocamere Tilta Boulder e il kit Indie<\/p>\n<p data-start=\"396\" data-end=\"559\">Il carrello per videocamera Tilta Boulder \u00e8 una workstation robusta e portatile costruita per soddisfare le esigenze di registi professionisti, tecnici e appassionati del fai da te.<\/p>\n<p data-start=\"561\" data-end=\"1107\">Progettato all&#8217;insegna della versatilit\u00e0 e della praticit\u00e0, il Boulder \u00e8 dotato di un sistema di sgancio rapido che non richiede l&#8217;uso di attrezzi e che permette di montarlo o smontarlo al volo, perfetto per i set veloci o per la vita in movimento. Quando non viene utilizzato, i vassoi superiori e inferiori del carrello si uniscono per formare una custodia rigida e sicura, bloccando i componenti all&#8217;interno. Una maniglia integrata e delle piccole ruote integrate trasformano l&#8217;unit\u00e0 smontata in una valigia mobile, rendendo il trasporto semplice da un luogo all&#8217;altro e facile da caricare nei veicoli pi\u00f9 piccoli.<\/p>\n<p data-start=\"1109\" data-end=\"1429\">Costruito in alluminio resistente, il Boulder offre diverse opzioni di montaggio, tra cui filettature da 1\/4\u2033-20 e da 3\/8\u2033-16 con punti di aggancio, consentendo una completa personalizzazione con accessori opzionali. Se hai bisogno di collegare bracci per monitor, portautensili o altre attrezzature di supporto, questo carrello \u00e8 pronto ad adattarsi al tuo flusso di lavoro.<\/p>\n<p data-start=\"1431\" data-end=\"1461\">Il modello base include:<\/p>\n<ul class=\"list-unstyled\" data-start=\"1462\" data-end=\"1733\">\n<li data-start=\"1462\" data-end=\"1534\">Quattro ruote (due fisse e due rotanti) per una mobilit\u00e0 senza problemi<\/li>\n<li data-start=\"1535\" data-end=\"1574\">Due maniglie per un controllo confortevole<\/li>\n<li data-start=\"1575\" data-end=\"1733\">Un&#8217;ampia gamma di accessori opzionali che ti permettono di espandere il carrello fino a farlo diventare una postazione di ripresa, una stazione di messa a fuoco, un hub DIT o addirittura un&#8217;officina mobile.<\/li>\n<\/ul>\n<p data-start=\"1735\" data-end=\"1867\">Per chi cerca una configurazione pronta all&#8217;uso, il Boulder Camera Cart Indie Kit si basa sul modello base con aggiornamenti inclusi:<\/p>\n<ul class=\"list-unstyled\" data-start=\"1868\" data-end=\"2359\">\n<li data-start=\"1868\" data-end=\"1995\">Due montanti di supporto e una staffa di montaggio del monitor con piastra a sgancio rapido compatibile con la maggior parte dei monitor standard<\/li>\n<li data-start=\"1996\" data-end=\"2096\">Un ricevitore scorrevole in stile NATO\/Manfrotto che permette di posizionare con precisione il monitor sulla barra<\/li>\n<li data-start=\"2097\" data-end=\"2219\">Inclinazione completa, panoramica e rotazione istantanea di 90\u00b0 del monitor per passare senza problemi dal monitoraggio orizzontale a quello verticale.<\/li>\n<li data-start=\"2220\" data-end=\"2359\">Un tavolino pieghevole con attacco standard IGT, che offre uno spazio di lavoro aggiuntivo e la possibilit\u00e0 di inserire altri inserti compatibili con IGT.<\/li>\n<li>Una guida Speed Rail da 50 mm per il montaggio di accessori come Baby Pin, sistema di stoccaggio per treppiedi, Stedicam Dock ecc.<\/li>\n<\/ul>\n<p data-start=\"2361\" data-end=\"2596\">Da centro di comando per concentrarsi a compagno di avventure all&#8217;aria aperta, il Tilta Boulder \u00e8 la soluzione per andare ovunque e fare qualsiasi cosa, disponibile come modello base flessibile o come Indie Kit completo.<\/p>\n<\/div>\n","protected":false},"excerpt":{"rendered":"<p>Ti presentiamo il carrello per fotocamere Tilta Boulder e il kit Indie Il carrello per videocamera Tilta Boulder \u00e8 una workstation robusta e portatile costruita per soddisfare le esigenze di registi professionisti, tecnici e appassionati del fai da te. Progettato [&hellip;]<\/p>\n","protected":false},"featured_media":2845394,"comment_status":"open","ping_status":"closed","template":"","meta":[],"product_cat":[4224],"product_tag":[],"acf":[],"gallery_images":[2845406,2845430,2845437,2845460,2845451],"_links":{"self":[{"href":"https:\/\/eu.tilta.com\/it\/wp-json\/wp\/v2\/product\/3136603"}],"collection":[{"href":"https:\/\/eu.tilta.com\/it\/wp-json\/wp\/v2\/product"}],"about":[{"href":"https:\/\/eu.tilta.com\/it\/wp-json\/wp\/v2\/types\/product"}],"replies":[{"embeddable":true,"href":"https:\/\/eu.tilta.com\/it\/wp-json\/wp\/v2\/comments?post=3136603"}],"wp:featuredmedia":[{"embeddable":true,"href":"https:\/\/eu.tilta.com\/it\/wp-json\/wp\/v2\/media\/2845394"}],"wp:attachment":[{"href":"https:\/\/eu.tilta.com\/it\/wp-json\/wp\/v2\/media?parent=3136603"}],"wp:term":[{"taxonomy":"product_cat","embeddable":true,"href":"https:\/\/eu.tilta.com\/it\/wp-json\/wp\/v2\/product_cat?post=3136603"},{"taxonomy":"product_tag","embeddable":true,"href":"https:\/\/eu.tilta.com\/it\/wp-json\/wp\/v2\/product_tag?post=3136603"}],"curies":[{"name":"wp","href":"https:\/\/api.w.org\/{rel}","templated":true}]}}