{"id":3136639,"date":"2025-09-11T05:49:18","date_gmt":"2025-09-11T03:49:18","guid":{"rendered":"https:\/\/eu.tilta.com\/shop\/cavalletto-per-bambini-resistente-per-il-carrello-della-videocamera-boulder-argento\/"},"modified":"2026-04-15T04:02:23","modified_gmt":"2026-04-15T02:02:23","slug":"heavy-duty-baby-pin-stand-for-boulder-camera-cart-silver","status":"publish","type":"product","link":"https:\/\/eu.tilta.com\/it\/shop\/heavy-duty-baby-pin-stand-for-boulder-camera-cart-silver\/","title":{"rendered":"Cavalletto per bambini resistente per il carrello della videocamera Boulder &#8211; Argento"},"content":{"rendered":"<div class=\"overview-text\">\n<p><em>Ti presentiamo il robusto supporto per baby pin per il carrello della videocamera Boulder<\/em><\/p>\n<p>Questo cavalletto per impieghi gravosi si monta in uno dei quattro angoli del vassoio superiore del carrello per videocamere Boulder.<\/p>\n<p>Pu\u00f2 essere installato senza attrezzi, il che lo rende veloce da attaccare o rimuovere.<\/p>\n<p>Il Baby Pin nella parte superiore consente agli utenti di montare accessori compatibili come monitor, staffe di espansione o luci LED da utilizzare come luci da lavoro.<\/p>\n<p>L&#8217;altezza del supporto \u00e8 regolabile e permette agli utenti di alzarlo e abbassarlo a seconda delle necessit\u00e0.<\/p>\n<p>Questa versione per impieghi gravosi \u00e8 perfetta per gli accessori pi\u00f9 grandi in posizioni pi\u00f9 elevate, ma si raccomanda comunque di fare attenzione quando si utilizza questo supporto.<\/p>\n<\/div>\n","protected":false},"excerpt":{"rendered":"<p>Ti presentiamo il robusto supporto per baby pin per il carrello della videocamera Boulder Questo cavalletto per impieghi gravosi si monta in uno dei quattro angoli del vassoio superiore del carrello per videocamere Boulder. Pu\u00f2 essere installato senza attrezzi, il [&hellip;]<\/p>\n","protected":false},"featured_media":2844797,"comment_status":"open","ping_status":"closed","template":"","meta":[],"product_cat":[4224],"product_tag":[],"acf":[],"gallery_images":[2844791],"_links":{"self":[{"href":"https:\/\/eu.tilta.com\/it\/wp-json\/wp\/v2\/product\/3136639"}],"collection":[{"href":"https:\/\/eu.tilta.com\/it\/wp-json\/wp\/v2\/product"}],"about":[{"href":"https:\/\/eu.tilta.com\/it\/wp-json\/wp\/v2\/types\/product"}],"replies":[{"embeddable":true,"href":"https:\/\/eu.tilta.com\/it\/wp-json\/wp\/v2\/comments?post=3136639"}],"wp:featuredmedia":[{"embeddable":true,"href":"https:\/\/eu.tilta.com\/it\/wp-json\/wp\/v2\/media\/2844797"}],"wp:attachment":[{"href":"https:\/\/eu.tilta.com\/it\/wp-json\/wp\/v2\/media?parent=3136639"}],"wp:term":[{"taxonomy":"product_cat","embeddable":true,"href":"https:\/\/eu.tilta.com\/it\/wp-json\/wp\/v2\/product_cat?post=3136639"},{"taxonomy":"product_tag","embeddable":true,"href":"https:\/\/eu.tilta.com\/it\/wp-json\/wp\/v2\/product_tag?post=3136639"}],"curies":[{"name":"wp","href":"https:\/\/api.w.org\/{rel}","templated":true}]}}