{"id":3136758,"date":"2025-09-11T05:45:28","date_gmt":"2025-09-11T03:45:28","guid":{"rendered":"https:\/\/eu.tilta.com\/shop\/piedistallo-leggero-per-baby-pin-per-carrello-fotografico-boulder-nero\/"},"modified":"2026-04-15T04:02:32","modified_gmt":"2026-04-15T02:02:32","slug":"lightweight-baby-pin-stand-for-boulder-camera-cart-black","status":"publish","type":"product","link":"https:\/\/eu.tilta.com\/it\/shop\/lightweight-baby-pin-stand-for-boulder-camera-cart-black\/","title":{"rendered":"Piedistallo leggero per baby pin per carrello fotografico Boulder &#8211; Nero"},"content":{"rendered":"<div class=\"overview-text\">\n<p><em>Ti presentiamo il leggero supporto per baby pin per il carrello della fotocamera Boulder<\/em><\/p>\n<p>Questo leggero supporto si monta in uno dei quattro angoli del vassoio superiore del carrello per fotocamere Boulder.<\/p>\n<p>Pu\u00f2 essere installato senza attrezzi, il che lo rende veloce da attaccare o rimuovere.<\/p>\n<p>Il Baby Pin nella parte superiore consente agli utenti di montare accessori compatibili come monitor, staffe di espansione o luci LED da utilizzare come luci da lavoro.<\/p>\n<p>L&#8217;altezza del supporto \u00e8 regolabile e permette agli utenti di alzarlo e abbassarlo a seconda delle necessit\u00e0.<\/p>\n<p>Questa versione leggera \u00e8 perfetta per gli accessori pi\u00f9 piccoli, ma non \u00e8 pensata per sostenere pesi maggiori in posizioni pi\u00f9 elevate.<\/p>\n<\/div>\n","protected":false},"excerpt":{"rendered":"<p>Ti presentiamo il leggero supporto per baby pin per il carrello della fotocamera Boulder Questo leggero supporto si monta in uno dei quattro angoli del vassoio superiore del carrello per fotocamere Boulder. Pu\u00f2 essere installato senza attrezzi, il che lo [&hellip;]<\/p>\n","protected":false},"featured_media":2844670,"comment_status":"open","ping_status":"closed","template":"","meta":[],"product_cat":[4224],"product_tag":[],"acf":[],"gallery_images":[2844659],"_links":{"self":[{"href":"https:\/\/eu.tilta.com\/it\/wp-json\/wp\/v2\/product\/3136758"}],"collection":[{"href":"https:\/\/eu.tilta.com\/it\/wp-json\/wp\/v2\/product"}],"about":[{"href":"https:\/\/eu.tilta.com\/it\/wp-json\/wp\/v2\/types\/product"}],"replies":[{"embeddable":true,"href":"https:\/\/eu.tilta.com\/it\/wp-json\/wp\/v2\/comments?post=3136758"}],"wp:featuredmedia":[{"embeddable":true,"href":"https:\/\/eu.tilta.com\/it\/wp-json\/wp\/v2\/media\/2844670"}],"wp:attachment":[{"href":"https:\/\/eu.tilta.com\/it\/wp-json\/wp\/v2\/media?parent=3136758"}],"wp:term":[{"taxonomy":"product_cat","embeddable":true,"href":"https:\/\/eu.tilta.com\/it\/wp-json\/wp\/v2\/product_cat?post=3136758"},{"taxonomy":"product_tag","embeddable":true,"href":"https:\/\/eu.tilta.com\/it\/wp-json\/wp\/v2\/product_tag?post=3136758"}],"curies":[{"name":"wp","href":"https:\/\/api.w.org\/{rel}","templated":true}]}}