{"id":3136786,"date":"2025-09-11T05:15:11","date_gmt":"2025-09-11T03:15:11","guid":{"rendered":"https:\/\/eu.tilta.com\/shop\/adattatore-baby-pin-compatto-per-carrello-porta-videocamere-boulder-nero\/"},"modified":"2026-04-15T04:02:42","modified_gmt":"2026-04-15T02:02:42","slug":"compact-baby-pin-adapter-for-boulder-camera-cart-black","status":"publish","type":"product","link":"https:\/\/eu.tilta.com\/it\/shop\/compact-baby-pin-adapter-for-boulder-camera-cart-black\/","title":{"rendered":"Adattatore Baby Pin compatto per carrello porta videocamere Boulder &#8211; Nero"},"content":{"rendered":"<div class=\"overview-text\">\n<p><em>Ti presentiamo il supporto compatto Baby Pin per il carrello della videocamera Boulder<\/em><\/p>\n<p>Questo adattatore compatto si monta in uno dei quattro angoli del vassoio superiore del carrello per fotocamere Boulder.<\/p>\n<p>Pu\u00f2 essere installato senza attrezzi, il che lo rende veloce da attaccare o rimuovere.<\/p>\n<p>Il Baby Pin nella parte superiore consente agli utenti di montare accessori compatibili come monitor, staffe di espansione o luci LED.<\/p>\n<p>Questa versione compatta \u00e8 perfetta per gli accessori pi\u00f9 piccoli, ma non \u00e8 destinata a sostenere pesi maggiori.<\/p>\n<\/div>\n","protected":false},"excerpt":{"rendered":"<p>Ti presentiamo il supporto compatto Baby Pin per il carrello della videocamera Boulder Questo adattatore compatto si monta in uno dei quattro angoli del vassoio superiore del carrello per fotocamere Boulder. Pu\u00f2 essere installato senza attrezzi, il che lo rende [&hellip;]<\/p>\n","protected":false},"featured_media":2844234,"comment_status":"open","ping_status":"closed","template":"","meta":[],"product_cat":[4224],"product_tag":[],"acf":[],"gallery_images":[2844228],"_links":{"self":[{"href":"https:\/\/eu.tilta.com\/it\/wp-json\/wp\/v2\/product\/3136786"}],"collection":[{"href":"https:\/\/eu.tilta.com\/it\/wp-json\/wp\/v2\/product"}],"about":[{"href":"https:\/\/eu.tilta.com\/it\/wp-json\/wp\/v2\/types\/product"}],"replies":[{"embeddable":true,"href":"https:\/\/eu.tilta.com\/it\/wp-json\/wp\/v2\/comments?post=3136786"}],"wp:featuredmedia":[{"embeddable":true,"href":"https:\/\/eu.tilta.com\/it\/wp-json\/wp\/v2\/media\/2844234"}],"wp:attachment":[{"href":"https:\/\/eu.tilta.com\/it\/wp-json\/wp\/v2\/media?parent=3136786"}],"wp:term":[{"taxonomy":"product_cat","embeddable":true,"href":"https:\/\/eu.tilta.com\/it\/wp-json\/wp\/v2\/product_cat?post=3136786"},{"taxonomy":"product_tag","embeddable":true,"href":"https:\/\/eu.tilta.com\/it\/wp-json\/wp\/v2\/product_tag?post=3136786"}],"curies":[{"name":"wp","href":"https:\/\/api.w.org\/{rel}","templated":true}]}}