{"id":3137046,"date":"2025-09-08T08:27:23","date_gmt":"2025-09-08T06:27:23","guid":{"rendered":"https:\/\/eu.tilta.com\/shop\/piastra-di-montaggio-orizzontale-per-la-gabbia-per-telecamera-insta360-x5-grigio-titanio\/"},"modified":"2025-12-05T14:42:41","modified_gmt":"2025-12-05T13:42:41","slug":"horizontal-mounting-plate-for-insta360-x5-camera-cage-titanium-grey","status":"publish","type":"product","link":"https:\/\/eu.tilta.com\/it\/shop\/horizontal-mounting-plate-for-insta360-x5-camera-cage-titanium-grey\/","title":{"rendered":"Piastra di montaggio orizzontale per la gabbia per telecamera Insta360 X5 &#8211; Grigio titanio"},"content":{"rendered":"<p data-start=\"143\" data-end=\"223\">Ti presentiamo la <strong data-start=\"159\" data-end=\"220\">piastra di montaggio orizzontale per la gabbia della videocamera Insta360 X5<\/strong>.<\/p>\n<p data-start=\"225\" data-end=\"444\">Questo accessorio permette agli utenti di montare la Insta360 X5 in orizzontale, offrendo una maggiore stabilit\u00e0 grazie all&#8217;abbassamento del centro di gravit\u00e0. Questa configurazione \u00e8 particolarmente vantaggiosa per i setup dinamici, come le riprese di un&#8217;auto.<\/p>\n<p data-start=\"446\" data-end=\"659\">La piastra di montaggio \u00e8 stata progettata per un&#8217;installazione rapida senza bisogno di attrezzi: basta avvitarla a mano sulla gabbia Insta360 X5. Nota bene: questo accessorio deve essere utilizzato in combinazione con la Gabbia Insta360 X5.<\/p>\n","protected":false},"excerpt":{"rendered":"<p>Ti presentiamo la piastra di montaggio orizzontale per la gabbia della videocamera Insta360 X5. Questo accessorio permette agli utenti di montare la Insta360 X5 in orizzontale, offrendo una maggiore stabilit\u00e0 grazie all&#8217;abbassamento del centro di gravit\u00e0. Questa configurazione \u00e8 particolarmente [&hellip;]<\/p>\n","protected":false},"featured_media":2825931,"comment_status":"open","ping_status":"closed","template":"","meta":[],"product_cat":[4338],"product_tag":[],"acf":[],"gallery_images":[2825938,2825944,2825952,2825965,2825959],"_links":{"self":[{"href":"https:\/\/eu.tilta.com\/it\/wp-json\/wp\/v2\/product\/3137046"}],"collection":[{"href":"https:\/\/eu.tilta.com\/it\/wp-json\/wp\/v2\/product"}],"about":[{"href":"https:\/\/eu.tilta.com\/it\/wp-json\/wp\/v2\/types\/product"}],"replies":[{"embeddable":true,"href":"https:\/\/eu.tilta.com\/it\/wp-json\/wp\/v2\/comments?post=3137046"}],"wp:featuredmedia":[{"embeddable":true,"href":"https:\/\/eu.tilta.com\/it\/wp-json\/wp\/v2\/media\/2825931"}],"wp:attachment":[{"href":"https:\/\/eu.tilta.com\/it\/wp-json\/wp\/v2\/media?parent=3137046"}],"wp:term":[{"taxonomy":"product_cat","embeddable":true,"href":"https:\/\/eu.tilta.com\/it\/wp-json\/wp\/v2\/product_cat?post=3137046"},{"taxonomy":"product_tag","embeddable":true,"href":"https:\/\/eu.tilta.com\/it\/wp-json\/wp\/v2\/product_tag?post=3137046"}],"curies":[{"name":"wp","href":"https:\/\/api.w.org\/{rel}","templated":true}]}}