{"id":3137064,"date":"2025-11-03T10:54:45","date_gmt":"2025-11-03T09:54:45","guid":{"rendered":"https:\/\/eu.tilta.com\/shop\/testa-a-sfera-arca-per-montante-di-supporto-regolabile-hydra\/"},"modified":"2025-12-05T14:43:08","modified_gmt":"2025-12-05T13:43:08","slug":"arca-ball-head-for-hydra-adjustable-support-post","status":"publish","type":"product","link":"https:\/\/eu.tilta.com\/it\/shop\/arca-ball-head-for-hydra-adjustable-support-post\/","title":{"rendered":"Testa a sfera ARCA per montante di supporto regolabile Hydra"},"content":{"rendered":"<p data-start=\"209\" data-end=\"352\">La testa a sfera ARCA per il montante di supporto regolabile Hydra offre un montaggio rapido della videocamera e un livellamento preciso per i rig professionali a bordo dei veicoli.<\/p>\n<p data-start=\"354\" data-end=\"660\">Un robusto morsetto si fissa al montante di supporto, mentre la testa a sfera si interfaccia con il morsetto tramite una rosetta, consentendo agli utenti di regolare e bloccare l&#8217;inclinazione. Il meccanismo a sfera rende rapido il livellamento all&#8217;interno di interni stretti, mentre lo sgancio rapido ARCA permette di agganciare\/rimuovere rapidamente la macchina durante le riprese con pi\u00f9 telecamere.<\/p>\n<p data-start=\"662\" data-end=\"1009\">Una filettatura integrata da \u00bc\u2033-20 con punto di aggancio ti permette di aggiungere un braccio articolato o accessori per monitor, microfoni o apparecchiature wireless. Per le fotocamere pi\u00f9 pesanti, consigliamo di aggiungere un secondo punto di contatto alla fotocamera per una maggiore stabilit\u00e0. La compatibilit\u00e0 con ARCA non \u00e8 garantita per tutte le targhe di terze parti; \u00e8 inclusa una targhetta ARCA.<\/p>\n","protected":false},"excerpt":{"rendered":"<p>La testa a sfera ARCA per il montante di supporto regolabile Hydra offre un montaggio rapido della videocamera e un livellamento preciso per i rig professionali a bordo dei veicoli. Un robusto morsetto si fissa al montante di supporto, mentre [&hellip;]<\/p>\n","protected":false},"featured_media":3136709,"comment_status":"open","ping_status":"closed","template":"","meta":[],"product_cat":[4333],"product_tag":[],"acf":[],"gallery_images":[3136691,3136697,3136703,3136715,3136721],"_links":{"self":[{"href":"https:\/\/eu.tilta.com\/it\/wp-json\/wp\/v2\/product\/3137064"}],"collection":[{"href":"https:\/\/eu.tilta.com\/it\/wp-json\/wp\/v2\/product"}],"about":[{"href":"https:\/\/eu.tilta.com\/it\/wp-json\/wp\/v2\/types\/product"}],"replies":[{"embeddable":true,"href":"https:\/\/eu.tilta.com\/it\/wp-json\/wp\/v2\/comments?post=3137064"}],"wp:featuredmedia":[{"embeddable":true,"href":"https:\/\/eu.tilta.com\/it\/wp-json\/wp\/v2\/media\/3136709"}],"wp:attachment":[{"href":"https:\/\/eu.tilta.com\/it\/wp-json\/wp\/v2\/media?parent=3137064"}],"wp:term":[{"taxonomy":"product_cat","embeddable":true,"href":"https:\/\/eu.tilta.com\/it\/wp-json\/wp\/v2\/product_cat?post=3137064"},{"taxonomy":"product_tag","embeddable":true,"href":"https:\/\/eu.tilta.com\/it\/wp-json\/wp\/v2\/product_tag?post=3137064"}],"curies":[{"name":"wp","href":"https:\/\/api.w.org\/{rel}","templated":true}]}}