{"id":3137094,"date":"2025-11-03T10:45:48","date_gmt":"2025-11-03T09:45:48","guid":{"rendered":"https:\/\/eu.tilta.com\/shop\/staffa-di-estensione-per-il-montante-di-supporto-regolabile-hydra\/"},"modified":"2025-12-05T14:43:32","modified_gmt":"2025-12-05T13:43:32","slug":"extension-bracket-for-hydra-adjustable-support-post","status":"publish","type":"product","link":"https:\/\/eu.tilta.com\/it\/shop\/extension-bracket-for-hydra-adjustable-support-post\/","title":{"rendered":"Staffa di estensione per il montante di supporto regolabile Hydra"},"content":{"rendered":"<p data-start=\"203\" data-end=\"330\">La staffa di estensione per il montante di supporto regolabile Hydra aggiunge un raggio d&#8217;azione maggiore e un posizionamento flessibile al tuo impianto di perforazione a bordo del veicolo.<\/p>\n<p data-start=\"332\" data-end=\"675\">Progettata per le configurazioni multi-camera e live-stream, questa staffa permette agli utenti di estendere la lunghezza del paletto di supporto per adattarsi meglio ai diversi interni delle auto. Il giunto girevole consente alla staffa di regolare l&#8217;angolo di montaggio, facilitando l&#8217;allineamento della ventosa su superfici irregolari come parabrezza o tetti inclinati.<\/p>\n<p data-start=\"677\" data-end=\"870\">Lungo il corpo della staffa sono presenti pi\u00f9 filettature da \u00bc\u2033-20 con punti di aggancio che ti permettono di montare altri accessori o di combinare pi\u00f9 staffe per ottenere una maggiore estensione, a seconda delle necessit\u00e0.<\/p>\n<p data-start=\"872\" data-end=\"1081\">Se abbinata al supporto regolabile Hydra, questa staffa aumenta la flessibilit\u00e0 di montaggio e la capacit\u00e0 di regolazione, creando un sistema di montaggio della telecamera pi\u00f9 adattabile e sicuro per le configurazioni complesse in auto.<\/p>\n","protected":false},"excerpt":{"rendered":"<p>La staffa di estensione per il montante di supporto regolabile Hydra aggiunge un raggio d&#8217;azione maggiore e un posizionamento flessibile al tuo impianto di perforazione a bordo del veicolo. Progettata per le configurazioni multi-camera e live-stream, questa staffa permette agli [&hellip;]<\/p>\n","protected":false},"featured_media":3136653,"comment_status":"open","ping_status":"closed","template":"","meta":[],"product_cat":[4333],"product_tag":[],"acf":[],"gallery_images":[3136659,3136665],"_links":{"self":[{"href":"https:\/\/eu.tilta.com\/it\/wp-json\/wp\/v2\/product\/3137094"}],"collection":[{"href":"https:\/\/eu.tilta.com\/it\/wp-json\/wp\/v2\/product"}],"about":[{"href":"https:\/\/eu.tilta.com\/it\/wp-json\/wp\/v2\/types\/product"}],"replies":[{"embeddable":true,"href":"https:\/\/eu.tilta.com\/it\/wp-json\/wp\/v2\/comments?post=3137094"}],"wp:featuredmedia":[{"embeddable":true,"href":"https:\/\/eu.tilta.com\/it\/wp-json\/wp\/v2\/media\/3136653"}],"wp:attachment":[{"href":"https:\/\/eu.tilta.com\/it\/wp-json\/wp\/v2\/media?parent=3137094"}],"wp:term":[{"taxonomy":"product_cat","embeddable":true,"href":"https:\/\/eu.tilta.com\/it\/wp-json\/wp\/v2\/product_cat?post=3137094"},{"taxonomy":"product_tag","embeddable":true,"href":"https:\/\/eu.tilta.com\/it\/wp-json\/wp\/v2\/product_tag?post=3137094"}],"curies":[{"name":"wp","href":"https:\/\/api.w.org\/{rel}","templated":true}]}}