{"id":3137814,"date":"2025-11-12T07:18:21","date_gmt":"2025-11-12T06:18:21","guid":{"rendered":"https:\/\/eu.tilta.com\/shop\/estensione-maniglia-superiore-tilta-v2-nero\/"},"modified":"2025-12-05T14:44:06","modified_gmt":"2025-12-05T13:44:06","slug":"tilta-top-handle-extension-v2-black","status":"publish","type":"product","link":"https:\/\/eu.tilta.com\/it\/shop\/tilta-top-handle-extension-v2-black\/","title":{"rendered":"Estensione maniglia superiore Tilta V2 &#8211; Nero"},"content":{"rendered":"<p><strong>Ti presentiamo l&#8217;estensione della maniglia superiore V2  <\/strong><\/p>\n<p>Questa prolunga \u00e8 compatibile con l&#8217;impugnatura superiore di Fujifilm GFX ETERNA e con qualsiasi altra impugnatura superiore dotata di filettatura da 3\/8\u2033-16 con punti di aggancio.<\/p>\n<p>Questo permette agli utenti di estendere la maniglia superiore, offrendo ulteriori punti di montaggio e una maggiore flessibilit\u00e0 durante la movimentazione.<\/p>\n<p>Questa estensione include una sezione rimovibile che consente agli utenti di regolare la lunghezza dell&#8217;impugnatura, se necessario, per ospitare batterie pi\u00f9 grandi o pi\u00f9 piccole.<\/p>\n<p>Il design curvo di questa estensione dell&#8217;impugnatura \u00e8 un&#8217;ottima opzione per ampliare le modalit\u00e0 di utilizzo della fotocamera, in particolare per le angolazioni pi\u00f9 basse.<\/p>\n","protected":false},"excerpt":{"rendered":"<p>Ti presentiamo l&#8217;estensione della maniglia superiore V2 Questa prolunga \u00e8 compatibile con l&#8217;impugnatura superiore di Fujifilm GFX ETERNA e con qualsiasi altra impugnatura superiore dotata di filettatura da 3\/8\u2033-16 con punti di aggancio. Questo permette agli utenti di estendere la [&hellip;]<\/p>\n","protected":false},"featured_media":3137663,"comment_status":"open","ping_status":"closed","template":"","meta":[],"product_cat":[4372],"product_tag":[],"acf":[],"gallery_images":[3137657],"_links":{"self":[{"href":"https:\/\/eu.tilta.com\/it\/wp-json\/wp\/v2\/product\/3137814"}],"collection":[{"href":"https:\/\/eu.tilta.com\/it\/wp-json\/wp\/v2\/product"}],"about":[{"href":"https:\/\/eu.tilta.com\/it\/wp-json\/wp\/v2\/types\/product"}],"replies":[{"embeddable":true,"href":"https:\/\/eu.tilta.com\/it\/wp-json\/wp\/v2\/comments?post=3137814"}],"wp:featuredmedia":[{"embeddable":true,"href":"https:\/\/eu.tilta.com\/it\/wp-json\/wp\/v2\/media\/3137663"}],"wp:attachment":[{"href":"https:\/\/eu.tilta.com\/it\/wp-json\/wp\/v2\/media?parent=3137814"}],"wp:term":[{"taxonomy":"product_cat","embeddable":true,"href":"https:\/\/eu.tilta.com\/it\/wp-json\/wp\/v2\/product_cat?post=3137814"},{"taxonomy":"product_tag","embeddable":true,"href":"https:\/\/eu.tilta.com\/it\/wp-json\/wp\/v2\/product_tag?post=3137814"}],"curies":[{"name":"wp","href":"https:\/\/api.w.org\/{rel}","templated":true}]}}