{"id":3145237,"date":"2026-04-17T12:37:41","date_gmt":"2026-04-17T10:37:41","guid":{"rendered":"https:\/\/eu.tilta.com\/shop\/ventosa-elettronica-con-montaggio-a-coda-di-rondine-45%e2%80%b3\/"},"modified":"2026-04-17T12:37:41","modified_gmt":"2026-04-17T10:37:41","slug":"electronic-suction-cup-with-dovetail-mount-4-5%e2%80%b3","status":"publish","type":"product","link":"https:\/\/eu.tilta.com\/it\/shop\/electronic-suction-cup-with-dovetail-mount-4-5%e2%80%b3\/","title":{"rendered":"Ventosa elettronica con montaggio a coda di rondine (4,5\u2033)"},"content":{"rendered":"<p>TILTA non \u00e8 responsabile di eventuali danni, lesioni o responsabilit\u00e0 legali causati direttamente o indirettamente dall&#8217;uso di questo prodotto. L&#8217;utilizzo di questo prodotto implica l&#8217;accettazione di tutti i termini del Manuale d&#8217;uso, reperibile <a href=\"https:\/\/cdn.tilta.com\/wp-content\/uploads\/2024\/05\/29091546\/4.5%E5%AF%B8%E7%94%B5%E5%8A%A8%E5%90%B8%E7%9B%98%E2%80%94%E2%80%94%E4%B8%AD%E8%8B%B1%E8%AF%B4%E6%98%8E%E4%B9%A6%EF%BC%88%E5%AE%98%E7%BD%91%E7%89%88%EF%BC%89%E8%BD%AC%E6%9B%B2.pdf\">QUI<\/a>.<\/p>\n<p>Ti presentiamo la ventosa elettronica Hydra con attacco a coda di rondine.<\/p>\n<p>Queste ventose di nuova generazione sono dotate di un sistema di rilevamento della pressione dell&#8217;aria che monitora 1000 volte al secondo per riconoscere e visualizzare le informazioni sullo stato su uno schermo elettronico. Quando il sistema rileva una perdita di pressione, il motore pompa automaticamente aria supplementare per evitare che le ventose si stacchino.<\/p>\n<p>Questo motore integrato ad alte prestazioni \u00e8 alimentato da una batteria interna e completa l&#8217;aspirazione elettronica in *5 secondi, aumentando notevolmente la velocit\u00e0 con cui queste ventose possono essere attaccate.<\/p>\n<p>Questa batteria da 2000mAh pu\u00f2 funzionare per oltre 14 ore continuative in condizioni normali. La batteria supporta anche un ingresso di alimentazione esterna USB-C da 5V\/1A, che consente di effettuare riprese ininterrotte ancora pi\u00f9 lunghe tramite fonti di alimentazione aggiuntive.<\/p>\n<p>La struttura meccanica della ventosa \u00e8 stata migliorata con una struttura ottimizzata che presenta un nuovo design a scomparti. Questo aumenta l&#8217;area di contatto del 20% rispetto alle ventose standard per una maggiore stabilit\u00e0 e affidabilit\u00e0.<\/p>\n<p>Il design modulare permette di utilizzare diverse piastre di montaggio, il che rende queste ventose facili da usare con diversi sistemi di supporto. Il supporto in dotazione \u00e8 compatibile con le piastre a coda di rondine incluse nel sistema di montaggio per auto Hydra Alien Pro.<\/p>\n<p>Altre opzioni di montaggio opzionali includono il supporto per la filettatura M25 dell&#8217;Hydra Alien, la NATO e l&#8217;opzione Multi-Mount universale per coprire un&#8217;ampia gamma di scenari.<\/p>\n<p>Nota bene: prima dell&#8217;uso, pulisci la superficie prevista e assicurati che la ventosa sia completamente attaccata alla superficie. Una piccola quantit\u00e0 di umidit\u00e0 pu\u00f2 contribuire a migliorare la tenuta e ad aumentare la forza di aspirazione. Quando si utilizza la ventosa su una superficie bagnata, la porta di scarico espelle il liquido, il che \u00e8 normale.<\/p>\n<p>AVVISO DI SICUREZZA DELLA VENTOSA ELETTRONICA:<\/p>\n<p>La ventosa elettronica, come altre ventose, pu\u00f2 lasciare segni su diverse superfici. Si consiglia di prendere delle precauzioni, come l&#8217;utilizzo di una pellicola protettiva o di altri materiali per proteggere la superficie da utilizzare. L&#8217;utilizzo di queste ventose alla luce diretta del sole o in ambienti molto caldi pu\u00f2 aumentare la possibilit\u00e0 di lasciare un segno. Non \u00e8 consigliabile utilizzare queste ventose con veicoli avvolti.<\/p>\n<p>Si consiglia di utilizzare questa ventosa su una superficie piana con il peso del braccio bilanciato sul centro della ventosa. Estendere il braccio oltre la ventosa o montare lateralmente la ventosa pu\u00f2 aumentare il rischio di guasti. In queste situazioni consigliamo di prendere ulteriori precauzioni, come ad esempio fissare ulteriormente il sistema con cinghie a cricchetto o catene di sicurezza.<\/p>\n<p>Indipendentemente dalle misure di sicurezza aggiuntive, consigliamo sempre di spingere verso il basso la ventosa quando la si attacca per la prima volta a qualsiasi superficie. La ventosa deve essere il pi\u00f9 possibile piatta contro la superficie e deve apparire sensibilmente pi\u00f9 piatta rispetto a quando non \u00e8 attaccata. Attaccare la ventosa senza applicare forza fisica pu\u00f2 aumentare notevolmente le possibilit\u00e0 di scollegamento accidentale.<\/p>\n","protected":false},"excerpt":{"rendered":"<p>TILTA non \u00e8 responsabile di eventuali danni, lesioni o responsabilit\u00e0 legali causati direttamente o indirettamente dall&#8217;uso di questo prodotto. L&#8217;utilizzo di questo prodotto implica l&#8217;accettazione di tutti i termini del Manuale d&#8217;uso, reperibile QUI. Ti presentiamo la ventosa elettronica Hydra [&hellip;]<\/p>\n","protected":false},"featured_media":3145219,"comment_status":"open","ping_status":"closed","template":"","meta":[],"product_cat":[1903],"product_tag":[],"acf":[],"gallery_images":[3145229,3145224],"_links":{"self":[{"href":"https:\/\/eu.tilta.com\/it\/wp-json\/wp\/v2\/product\/3145237"}],"collection":[{"href":"https:\/\/eu.tilta.com\/it\/wp-json\/wp\/v2\/product"}],"about":[{"href":"https:\/\/eu.tilta.com\/it\/wp-json\/wp\/v2\/types\/product"}],"replies":[{"embeddable":true,"href":"https:\/\/eu.tilta.com\/it\/wp-json\/wp\/v2\/comments?post=3145237"}],"wp:featuredmedia":[{"embeddable":true,"href":"https:\/\/eu.tilta.com\/it\/wp-json\/wp\/v2\/media\/3145219"}],"wp:attachment":[{"href":"https:\/\/eu.tilta.com\/it\/wp-json\/wp\/v2\/media?parent=3145237"}],"wp:term":[{"taxonomy":"product_cat","embeddable":true,"href":"https:\/\/eu.tilta.com\/it\/wp-json\/wp\/v2\/product_cat?post=3145237"},{"taxonomy":"product_tag","embeddable":true,"href":"https:\/\/eu.tilta.com\/it\/wp-json\/wp\/v2\/product_tag?post=3145237"}],"curies":[{"name":"wp","href":"https:\/\/api.w.org\/{rel}","templated":true}]}}