{"id":3145249,"date":"2026-04-17T12:20:38","date_gmt":"2026-04-17T10:20:38","guid":{"rendered":"https:\/\/eu.tilta.com\/shop\/custodia-protettiva-da-viaggio-tilta-per-dji-osmo-pocket-4\/"},"modified":"2026-04-17T12:20:38","modified_gmt":"2026-04-17T10:20:38","slug":"tilta-protective-travel-case-for-dji-osmo-pocket-4","status":"publish","type":"product","link":"https:\/\/eu.tilta.com\/it\/shop\/tilta-protective-travel-case-for-dji-osmo-pocket-4\/","title":{"rendered":"Custodia protettiva da viaggio Tilta per DJI Osmo Pocket 4"},"content":{"rendered":"<p>Ti presentiamo la custodia protettiva da viaggio Tilta per DJI Osmo Pocket 4: una custodia da viaggio in silicone a copertura totale progettata su misura per proteggere la tua fotocamera in ogni occasione.<\/p>\n<p>Costruito con un guscio in silicone resistente e un interno imbottito di morbida floccatura, protegge il tuo Pocket 4 da urti, graffi e usura quotidiana, mantenendolo sempre al sicuro.<\/p>\n<p>La struttura a scatto si apre e si chiude senza problemi, consentendoti un accesso rapido ogni volta che ne hai bisogno.<\/p>\n<p>Tre slot magnetici integrati per riporre i filtri, in modo che siano organizzati e pronti per essere montati in qualsiasi momento, cos\u00ec da avere sempre con s\u00e9 i tuoi accessori pi\u00f9 essenziali.<\/p>\n<p>La finitura opaca mantiene l&#8217;aspetto esterno pulito, evitando impronte digitali e macchie di olio.<\/p>\n<p>Il design a pi\u00f9 punti di aggancio \u00e8 compatibile con spallacci, cordini e cinghie da polso, in modo che tu possa portarlo come vuoi: a prova di caduta e sempre a portata di mano.<\/p>\n<p>Disponibile in verde lime, rosa chiaro e azzurro.<\/p>\n","protected":false},"excerpt":{"rendered":"<p>Ti presentiamo la custodia protettiva da viaggio Tilta per DJI Osmo Pocket 4: una custodia da viaggio in silicone a copertura totale progettata su misura per proteggere la tua fotocamera in ogni occasione. Costruito con un guscio in silicone resistente [&hellip;]<\/p>\n","protected":false},"featured_media":3145174,"comment_status":"open","ping_status":"closed","template":"","meta":[],"product_cat":[4512],"product_tag":[],"acf":[],"gallery_images":[3145169,3145164,3145159],"_links":{"self":[{"href":"https:\/\/eu.tilta.com\/it\/wp-json\/wp\/v2\/product\/3145249"}],"collection":[{"href":"https:\/\/eu.tilta.com\/it\/wp-json\/wp\/v2\/product"}],"about":[{"href":"https:\/\/eu.tilta.com\/it\/wp-json\/wp\/v2\/types\/product"}],"replies":[{"embeddable":true,"href":"https:\/\/eu.tilta.com\/it\/wp-json\/wp\/v2\/comments?post=3145249"}],"wp:featuredmedia":[{"embeddable":true,"href":"https:\/\/eu.tilta.com\/it\/wp-json\/wp\/v2\/media\/3145174"}],"wp:attachment":[{"href":"https:\/\/eu.tilta.com\/it\/wp-json\/wp\/v2\/media?parent=3145249"}],"wp:term":[{"taxonomy":"product_cat","embeddable":true,"href":"https:\/\/eu.tilta.com\/it\/wp-json\/wp\/v2\/product_cat?post=3145249"},{"taxonomy":"product_tag","embeddable":true,"href":"https:\/\/eu.tilta.com\/it\/wp-json\/wp\/v2\/product_tag?post=3145249"}],"curies":[{"name":"wp","href":"https:\/\/api.w.org\/{rel}","templated":true}]}}