{"id":3145346,"date":"2026-04-14T11:40:39","date_gmt":"2026-04-14T09:40:39","guid":{"rendered":"https:\/\/eu.tilta.com\/shop\/volantino-esteso-per-lunita-manuale-nucleus-m-ii-fiz\/"},"modified":"2026-04-14T11:40:39","modified_gmt":"2026-04-14T09:40:39","slug":"extended-hand-wheel-for-nucleus-m-ii-fiz-hand-unit","status":"publish","type":"product","link":"https:\/\/eu.tilta.com\/it\/shop\/extended-hand-wheel-for-nucleus-m-ii-fiz-hand-unit\/","title":{"rendered":"Volantino esteso per l&#8217;unit\u00e0 manuale Nucleus-M II FIZ"},"content":{"rendered":"<div>\n<p class=\"whitespace-normal\">Ti presentiamo il volantino esteso per l&#8217;unit\u00e0 manuale Nucleus-M II FIZ, progettato per offrirti un maggiore controllo durante la messa a fuoco. Il diametro maggiore del volantino esteso offre una presa pi\u00f9 comoda e sicura, consentendo regolazioni pi\u00f9 precise e mirate durante il funzionamento.<\/p>\n<\/div>\n<div>\n<p class=\"whitespace-normal\">L&#8217;impugnatura migliora l&#8217;unit\u00e0 manuale Nucleus-M II e le dimensioni aumentano la visibilit\u00e0 dei segni sugli anelli di messa a fuoco, consentendo una visione pi\u00f9 chiara dei segni di messa a fuoco. Che si tratti di riprese in movimento o di ambienti pi\u00f9 bui in studio, il volantino esteso rende la messa a fuoco in qualsiasi ambiente un gioco da ragazzi.<\/p>\n<\/div>\n<div>\n<p class=\"whitespace-normal\">Fisicamente compatibile con gli anelli di messa a fuoco ARRI di dimensioni standard, il volantino esteso unisce due ecosistemi senza sforzo, consentendo un controllo preciso dei parametri e della messa a fuoco senza dover sostituire gli accessori esistenti. Sia che tu stia gi\u00e0 lavorando all&#8217;interno dell&#8217;ecosistema ARRI, sia che tu voglia ampliare le tue opzioni, il volantino esteso si integra perfettamente nel tuo setup esistente.<\/p>\n<\/div>\n","protected":false},"excerpt":{"rendered":"<p>Ti presentiamo il volantino esteso per l&#8217;unit\u00e0 manuale Nucleus-M II FIZ, progettato per offrirti un maggiore controllo durante la messa a fuoco. Il diametro maggiore del volantino esteso offre una presa pi\u00f9 comoda e sicura, consentendo regolazioni pi\u00f9 precise e [&hellip;]<\/p>\n","protected":false},"featured_media":3144685,"comment_status":"open","ping_status":"closed","template":"","meta":[],"product_cat":[3918],"product_tag":[],"acf":[],"gallery_images":[3144670,3144675,3144680,3144690,3144700,3144695,3144705],"_links":{"self":[{"href":"https:\/\/eu.tilta.com\/it\/wp-json\/wp\/v2\/product\/3145346"}],"collection":[{"href":"https:\/\/eu.tilta.com\/it\/wp-json\/wp\/v2\/product"}],"about":[{"href":"https:\/\/eu.tilta.com\/it\/wp-json\/wp\/v2\/types\/product"}],"replies":[{"embeddable":true,"href":"https:\/\/eu.tilta.com\/it\/wp-json\/wp\/v2\/comments?post=3145346"}],"wp:featuredmedia":[{"embeddable":true,"href":"https:\/\/eu.tilta.com\/it\/wp-json\/wp\/v2\/media\/3144685"}],"wp:attachment":[{"href":"https:\/\/eu.tilta.com\/it\/wp-json\/wp\/v2\/media?parent=3145346"}],"wp:term":[{"taxonomy":"product_cat","embeddable":true,"href":"https:\/\/eu.tilta.com\/it\/wp-json\/wp\/v2\/product_cat?post=3145346"},{"taxonomy":"product_tag","embeddable":true,"href":"https:\/\/eu.tilta.com\/it\/wp-json\/wp\/v2\/product_tag?post=3145346"}],"curies":[{"name":"wp","href":"https:\/\/api.w.org\/{rel}","templated":true}]}}