{"id":3145356,"date":"2026-04-17T11:54:49","date_gmt":"2026-04-17T09:54:49","guid":{"rendered":"https:\/\/eu.tilta.com\/shop\/accessori-di-espansione-tilta-per-dji-osmo-pocket-4-ultimate-kit\/"},"modified":"2026-04-17T11:54:49","modified_gmt":"2026-04-17T09:54:49","slug":"tilta-expansion-accessories-for-dji-osmo-pocket-4-ultimate-kit","status":"publish","type":"product","link":"https:\/\/eu.tilta.com\/it\/shop\/tilta-expansion-accessories-for-dji-osmo-pocket-4-ultimate-kit\/","title":{"rendered":"Accessori di espansione Tilta per DJI Osmo Pocket 4 Ultimate Kit"},"content":{"rendered":"<p>Ti presentiamo il Tilta Expansion Accessories Ultimate Kit per DJI Osmo Pocket 4: una collezione di strumenti pensati per eliminare i compromessi che frenano i creatori.<\/p>\n<p>Il cuore del kit \u00e8 la Banca di alimentazione portatile per DJI Osmo Pocket 4 (TA-T96-PPB-B). Invece di stare nella tua borsa, questo power bank da 5.000 mAh si attacca direttamente alla Pocket 4, funzionando come un&#8217;impugnatura estesa che si integra perfettamente con l&#8217;impugnatura della fotocamera. Carica la fotocamera mentre scatti, offrendoti un&#8217;autonomia prolungata per affrontare riprese di tutto il giorno, vlog di viaggio e contenuti di lunga durata senza l&#8217;ansia da batteria.<\/p>\n<p>Il treppiede selfie stick a sgancio rapido Tilta (TT-SS-BH-B) \u00e8 progettato per i creatori che si muovono velocemente. Il grilletto con un solo tocco dispiega automaticamente le gambe del treppiede: basta toccarlo su qualsiasi superficie e sei pronto a scattare in pochi secondi. L&#8217;altezza regolabile da 6,5 a 14,4 pollici si adatta con facilit\u00e0 alle azioni a bassa angolazione, ai ritratti all&#8217;altezza degli occhi e alle prospettive elevate. La testa a sfera integrata con panoramica a 360\u00b0 e inclinazione a 90\u00b0 si blocca saldamente in qualsiasi posizione, mentre la filettatura laterale da 1\/4\u2033&#8221;-20 con punti di aggancio ti permette di espandere la tua attivit\u00e0 con altri accessori. Con un peso di appena 0,41 libbre, \u00e8 facile da trasportare e da usare.<\/p>\n<p>Il kit di montaggio magnetico per DJI Osmo Pocket 3\/4 (TA-T65-MAK-TW) offre una possibilit\u00e0 di montaggio versatile per il tuo Pocket 4. Il Mini Accessory Mounting Expander incluso nella confezione avvolge la videocamera con un design aderente e a basso profilo, offrendo diverse interfacce tra cui 1\/4\u2033&#8221;-20, cold shoe, GoPro-style e un connettore magnetico DJI, il tutto mantenendo il pieno accesso al joystick, ai pulsanti e allo slot per la scheda SD. Il supporto di montaggio magnetico in dotazione presenta due punti di articolazione con un&#8217;inclinazione di 270\u00b0 sull&#8217;asse superiore e di 180\u00b0 su quello inferiore, consentendo una gamma quasi illimitata di posizioni di montaggio. L&#8217;imbottitura in silicone ad alta densit\u00e0 protegge la fotocamera e mantiene la presa sicura.<\/p>\n<p>Il Tilta Ultimate Filter Kit per DJI Osmo Pocket 3\/4 (TF-OP3-C) completa il tuo kit di strumenti creativi con sei filtri magnetici di precisione. I filtri ND 1.5, 1.8 e 2.1 forniscono un controllo graduale della densit\u00e0 neutra per una sfocatura naturale e uniforme del movimento con qualsiasi illuminazione. I filtri Black Mist 1\/4 e 1\/2 attenuano le luci e aggiungono una qualit\u00e0 cinematografica che eleva le tue riprese. Il polarizzatore circolare riduce il riverbero, i riflessi indesiderati e arricchisce i colori per immagini fedeli alla realt\u00e0. Ogni filtro \u00e8 dotato di un attacco magnetico per un aggancio facile e di un design a sgancio rapido con scanalature: basta un pizzico per rimuoverlo e il gioco \u00e8 fatto.<\/p>\n<p>Tutto viaggia nella custodia universale per action camera (TA-ACCC-B). Molteplici divisori interni trasparenti consentono di avere sempre a portata di mano la fotocamera, il power bank, il treppiede, i filtri e gli accessori. Grazie al tessuto esterno ad alta densit\u00e0 resistente all&#8217;acqua e alla cerniera sigillata resistente all&#8217;acqua, la tua attrezzatura rimarr\u00e0 protetta sia che tu stia navigando in una citt\u00e0 trafficata sia che tu stia girando in mezzo agli elementi.<\/p>\n","protected":false},"excerpt":{"rendered":"<p>Ti presentiamo il Tilta Expansion Accessories Ultimate Kit per DJI Osmo Pocket 4: una collezione di strumenti pensati per eliminare i compromessi che frenano i creatori. Il cuore del kit \u00e8 la Banca di alimentazione portatile per DJI Osmo Pocket [&hellip;]<\/p>\n","protected":false},"featured_media":3145070,"comment_status":"open","ping_status":"closed","template":"","meta":[],"product_cat":[4512],"product_tag":[],"acf":[],"gallery_images":[3145075,3145080],"_links":{"self":[{"href":"https:\/\/eu.tilta.com\/it\/wp-json\/wp\/v2\/product\/3145356"}],"collection":[{"href":"https:\/\/eu.tilta.com\/it\/wp-json\/wp\/v2\/product"}],"about":[{"href":"https:\/\/eu.tilta.com\/it\/wp-json\/wp\/v2\/types\/product"}],"replies":[{"embeddable":true,"href":"https:\/\/eu.tilta.com\/it\/wp-json\/wp\/v2\/comments?post=3145356"}],"wp:featuredmedia":[{"embeddable":true,"href":"https:\/\/eu.tilta.com\/it\/wp-json\/wp\/v2\/media\/3145070"}],"wp:attachment":[{"href":"https:\/\/eu.tilta.com\/it\/wp-json\/wp\/v2\/media?parent=3145356"}],"wp:term":[{"taxonomy":"product_cat","embeddable":true,"href":"https:\/\/eu.tilta.com\/it\/wp-json\/wp\/v2\/product_cat?post=3145356"},{"taxonomy":"product_tag","embeddable":true,"href":"https:\/\/eu.tilta.com\/it\/wp-json\/wp\/v2\/product_tag?post=3145356"}],"curies":[{"name":"wp","href":"https:\/\/api.w.org\/{rel}","templated":true}]}}